{"id":1344,"date":"2024-01-25T07:53:03","date_gmt":"2024-01-25T07:53:03","guid":{"rendered":"https:\/\/cierresgalicia.com\/aviso-legal\/"},"modified":"2025-09-29T08:09:29","modified_gmt":"2025-09-29T08:09:29","slug":"aviso-legal","status":"publish","type":"page","link":"https:\/\/cierresgalicia.com\/gl\/aviso-legal\/","title":{"rendered":"Aviso legal"},"content":{"rendered":"\n<p>Este Aviso Legal regula o acceso, a navegaci\u00f3n e o uso do sitio web <strong><a href=\"http:\/\/www.cierresgalicia.com\">www.cierresgalicia.com<\/a><\/strong> (en diante, o &#8220;Sitio Web&#8221;), propiedade de <strong>Rolando Vila Cap\u00f3n<\/strong> , que ofrece informaci\u00f3n sobre os produtos e servizos de cerramentos e estruturas met\u00e1licas de <strong>Cierres Galicia<\/strong> .<\/p>\n\n<p>O acceso e uso do sitio web out\u00f3rgalle a condici\u00f3n de USUARIO e implica a aceptaci\u00f3n plena e sen reservas de todas as condici\u00f3ns inclu\u00eddas neste Aviso Legal.<\/p>\n\n<hr class=\"wp-block-separator has-alpha-channel-opacity\"\/>\n\n<h3 class=\"wp-block-heading\">\u00cdNDICE DE AVISO LEGAL<\/h3>\n\n<ol class=\"wp-block-list\">\n<li>Datos de identificaci\u00f3n<\/li>\n\n\n\n<li>Usuarios<\/li>\n\n\n\n<li>Uso do portal<\/li>\n\n\n\n<li>Uso de cookies<\/li>\n\n\n\n<li>Propiedade intelectual e industrial<\/li>\n\n\n\n<li>Exclusi\u00f3n de garant\u00edas e responsabilidade<\/li>\n\n\n\n<li>Modificaci\u00f3ns<\/li>\n\n\n\n<li>Ligaz\u00f3ns<\/li>\n\n\n\n<li>Dereito de exclusi\u00f3n<\/li>\n\n\n\n<li>Xeneralidades<\/li>\n\n\n\n<li>Lexislaci\u00f3n e xurisdici\u00f3n aplicables<\/li>\n\n\n\n<li>Resoluci\u00f3n de disputas en li\u00f1a<\/li>\n<\/ol>\n\n<hr class=\"wp-block-separator has-alpha-channel-opacity\"\/>\n\n<h4 class=\"wp-block-heading\">1. Datos de identificaci\u00f3n<\/h4>\n\n<p>En cumprimento da Lei 34\/2002 (LSSI-CE), refl\u00edctense os seguintes datos:<\/p>\n\n<ul class=\"wp-block-list\">\n<li><strong>Titular:<\/strong> Rolando Vila Cap\u00f3n<\/li>\n\n\n\n<li><strong>NIF:<\/strong> 33335642V<\/li>\n\n\n\n<li><strong>Nome comercial:<\/strong> Cierres Galicia<\/li>\n\n\n\n<li><strong>Enderezo profesional:<\/strong> Lg\/ San Xuli\u00e1n, 46 \u2013 27363 O P\u00e1ramo (Lugo), Espa\u00f1a<\/li>\n\n\n\n<li><strong>Tel\u00e9fono:<\/strong> 646 736 302<\/li>\n\n\n\n<li><strong>Correo electr\u00f3nico:<\/strong> <a>info@cierresgalicia.com<\/a><\/li>\n\n\n\n<li><strong>Dominio:<\/strong> <a href=\"http:\/\/www.cierresgalicia.com\">www.cierresgalicia.com<\/a><\/li>\n<\/ul>\n\n<hr class=\"wp-block-separator has-alpha-channel-opacity\"\/>\n\n<h4 class=\"wp-block-heading\">2. Usuarios<\/h4>\n\n<p>O acceso e\/ou uso do Sitio Web out\u00f3rgalle a condici\u00f3n de USUARIO, que acepta as Condici\u00f3ns Xerais de Uso aqu\u00ed recollidas.<\/p>\n\n<hr class=\"wp-block-separator has-alpha-channel-opacity\"\/>\n\n<h4 class=\"wp-block-heading\">3. Uso do portal<\/h4>\n\n<p>A finalidade do sitio web \u00e9 proporcionar informaci\u00f3n sobre os servizos de cerramentos, estruturas met\u00e1licas e produtos que ofrece Cierres Galicia. O USUARIO comprom\u00e9tese a facer un uso axeitado dos contidos, absten\u00e9ndose de empregalos con fins il\u00edcitos ou contrarios \u00e1 boa fe.<\/p>\n\n<hr class=\"wp-block-separator has-alpha-channel-opacity\"\/>\n\n<h4 class=\"wp-block-heading\">4. Uso de cookies<\/h4>\n\n<p>O sitio web utiliza cookies propias e de terceiros para optimizar a experiencia do usuario e personalizar a navegaci\u00f3n. O USUARIO pode obter informaci\u00f3n detallada na <strong>Pol\u00edtica de cookies<\/strong> .<\/p>\n\n<hr class=\"wp-block-separator has-alpha-channel-opacity\"\/>\n\n<h4 class=\"wp-block-heading\">5. Propiedade intelectual e industrial<\/h4>\n\n<p>Todo o contido do sitio web (texto, imaxes, logotipos, dese\u00f1o, c\u00f3digo fonte) \u00e9 propiedade de Rolando Vila Cap\u00f3n ou de terceiros autorizados. Proh\u00edbese a s\u00faa reproduci\u00f3n, distribuci\u00f3n ou comunicaci\u00f3n p\u00fablica sen autorizaci\u00f3n expresa.<\/p>\n\n<hr class=\"wp-block-separator has-alpha-channel-opacity\"\/>\n\n<h4 class=\"wp-block-heading\">6. Exclusi\u00f3n de garant\u00edas e responsabilidade<\/h4>\n\n<p>O propietario non garante a dispo\u00f1ibilidade continua do sitio web nin a ausencia de erros no seu contido. Tampouco se responsabiliza dos danos derivados dun uso indebido do portal ou da transmisi\u00f3n de virus ou outros elementos nocivos.<\/p>\n\n<hr class=\"wp-block-separator has-alpha-channel-opacity\"\/>\n\n<h4 class=\"wp-block-heading\">7. Modificaci\u00f3ns<\/h4>\n\n<p>Rolando Vila Cap\u00f3n res\u00e9rvase o dereito de modificar o sitio web e as condici\u00f3ns aqu\u00ed establecidas en calquera momento sen previo aviso.<\/p>\n\n<hr class=\"wp-block-separator has-alpha-channel-opacity\"\/>\n\n<h4 class=\"wp-block-heading\">8. Ligaz\u00f3ns<\/h4>\n\n<p>O sitio web pode conter ligaz\u00f3ns a sitios web de terceiros. O propietario non controla nin \u00e9 responsable do contido ou da dispo\u00f1ibilidade destes sitios web enlazados.<\/p>\n\n<hr class=\"wp-block-separator has-alpha-channel-opacity\"\/>\n\n<h4 class=\"wp-block-heading\">9. Dereito de exclusi\u00f3n<\/h4>\n\n<p>Rolando Vila Cap\u00f3n poder\u00e1 denegar ou retirar o acceso ao sitio web aos usuarios que infrinxan estas condici\u00f3ns sen previo aviso.<\/p>\n\n<hr class=\"wp-block-separator has-alpha-channel-opacity\"\/>\n\n<h4 class=\"wp-block-heading\">10. Xeneralidades<\/h4>\n\n<p>O propietario perseguir\u00e1 o incumprimento destas condici\u00f3ns mediante todas as acci\u00f3ns legais ao seu alcance.<\/p>\n\n<hr class=\"wp-block-separator has-alpha-channel-opacity\"\/>\n\n<h4 class=\"wp-block-heading\">11. Lexislaci\u00f3n e xurisdici\u00f3n aplicables<\/h4>\n\n<p>A relaci\u00f3n entre o titular e o USUARIO rexerase pola normativa espa\u00f1ola vixente. Para calquera controversia, as partes someteranse aos Xulgados e Tribunais de Lugo, ag\u00e1s que a lei dispo\u00f1a o contrario.<\/p>\n\n<hr class=\"wp-block-separator has-alpha-channel-opacity\"\/>\n\n<h4 class=\"wp-block-heading\">12. Resoluci\u00f3n de disputas en li\u00f1a<\/h4>\n\n<p>A Comisi\u00f3n Europea ofrece unha plataforma de resoluci\u00f3n de litixios en li\u00f1a accesible en: <a>https:\/\/ec.europa.eu\/consumers\/odr\/<\/a> .<\/p>\n","protected":false},"excerpt":{"rendered":"<p>Este Aviso Legal regula o acceso, a navegaci\u00f3n e o uso do sitio web www.cierresgalicia.com (en diante, o &#8220;Sitio Web&#8221;), propiedade de Rolando Vila Cap\u00f3n , que ofrece informaci\u00f3n sobre os produtos e servizos de cerramentos e estruturas met\u00e1licas de Cierres Galicia . O acceso e uso do sitio web out\u00f3rgalle a condici\u00f3n de USUARIO [&hellip;]<\/p>\n","protected":false},"author":1,"featured_media":0,"parent":0,"menu_order":0,"comment_status":"closed","ping_status":"open","template":"","meta":{"site-sidebar-layout":"no-sidebar","site-content-layout":"","ast-site-content-layout":"default","site-content-style":"default","site-sidebar-style":"default","ast-global-header-display":"","ast-banner-title-visibility":"","ast-main-header-display":"","ast-hfb-above-header-display":"","ast-hfb-below-header-display":"","ast-hfb-mobile-header-display":"","site-post-title":"","ast-breadcrumbs-content":"","ast-featured-img":"","footer-sml-layout":"","theme-transparent-header-meta":"","adv-header-id-meta":"","stick-header-meta":"","header-above-stick-meta":"","header-main-stick-meta":"","header-below-stick-meta":"","astra-migrate-meta-layouts":"default","ast-page-background-enabled":"default","ast-page-background-meta":{"desktop":{"background-color":"","background-image":"","background-repeat":"repeat","background-position":"center center","background-size":"auto","background-attachment":"scroll","background-type":"","background-media":"","overlay-type":"","overlay-color":"","overlay-gradient":""},"tablet":{"background-color":"","background-image":"","background-repeat":"repeat","background-position":"center center","background-size":"auto","background-attachment":"scroll","background-type":"","background-media":"","overlay-type":"","overlay-color":"","overlay-gradient":""},"mobile":{"background-color":"","background-image":"","background-repeat":"repeat","background-position":"center center","background-size":"auto","background-attachment":"scroll","background-type":"","background-media":"","overlay-type":"","overlay-color":"","overlay-gradient":""}},"ast-content-background-meta":{"desktop":{"background-color":"var(--ast-global-color-5)","background-image":"","background-repeat":"repeat","background-position":"center center","background-size":"auto","background-attachment":"scroll","background-type":"","background-media":"","overlay-type":"","overlay-color":"","overlay-gradient":""},"tablet":{"background-color":"var(--ast-global-color-5)","background-image":"","background-repeat":"repeat","background-position":"center center","background-size":"auto","background-attachment":"scroll","background-type":"","background-media":"","overlay-type":"","overlay-color":"","overlay-gradient":""},"mobile":{"background-color":"var(--ast-global-color-5)","background-image":"","background-repeat":"repeat","background-position":"center center","background-size":"auto","background-attachment":"scroll","background-type":"","background-media":"","overlay-type":"","overlay-color":"","overlay-gradient":""}},"footnotes":""},"class_list":["post-1344","page","type-page","status-publish","hentry"],"yoast_head":"<!-- This site is optimized with the Yoast SEO plugin v25.8 - https:\/\/yoast.com\/wordpress\/plugins\/seo\/ -->\n<title>Aviso legal - Cierres Galicia<\/title>\n<meta name=\"robots\" content=\"index, follow, max-snippet:-1, max-image-preview:large, max-video-preview:-1\" \/>\n<link rel=\"canonical\" href=\"https:\/\/cierresgalicia.com\/gl\/aviso-legal\/\" \/>\n<meta property=\"og:locale\" content=\"gl_ES\" \/>\n<meta property=\"og:type\" content=\"article\" \/>\n<meta property=\"og:title\" content=\"Aviso legal - Cierres Galicia\" \/>\n<meta property=\"og:description\" content=\"Este Aviso Legal regula o acceso, a navegaci\u00f3n e o uso do sitio web www.cierresgalicia.com (en diante, o &#8220;Sitio Web&#8221;), propiedade de Rolando Vila Cap\u00f3n , que ofrece informaci\u00f3n sobre os produtos e servizos de cerramentos e estruturas met\u00e1licas de Cierres Galicia . O acceso e uso do sitio web out\u00f3rgalle a condici\u00f3n de USUARIO [&hellip;]\" \/>\n<meta property=\"og:url\" content=\"https:\/\/cierresgalicia.com\/gl\/aviso-legal\/\" \/>\n<meta property=\"og:site_name\" content=\"Cierres Galicia\" \/>\n<meta property=\"article:publisher\" content=\"https:\/\/www.facebook.com\/rolando.vilacapon\" \/>\n<meta property=\"article:modified_time\" content=\"2025-09-29T08:09:29+00:00\" \/>\n<meta name=\"twitter:card\" content=\"summary_large_image\" \/>\n<meta name=\"twitter:label1\" content=\"Tempo de lectura\" \/>\n\t<meta name=\"twitter:data1\" content=\"3 minutos\" \/>\n<script type=\"application\/ld+json\" class=\"yoast-schema-graph\">{\"@context\":\"https:\/\/schema.org\",\"@graph\":[{\"@type\":\"WebPage\",\"@id\":\"https:\/\/cierresgalicia.com\/gl\/aviso-legal\/\",\"url\":\"https:\/\/cierresgalicia.com\/gl\/aviso-legal\/\",\"name\":\"Aviso legal - Cierres Galicia\",\"isPartOf\":{\"@id\":\"https:\/\/cierresgalicia.com\/gl\/#website\"},\"datePublished\":\"2024-01-25T07:53:03+00:00\",\"dateModified\":\"2025-09-29T08:09:29+00:00\",\"breadcrumb\":{\"@id\":\"https:\/\/cierresgalicia.com\/gl\/aviso-legal\/#breadcrumb\"},\"inLanguage\":\"gl-ES\",\"potentialAction\":[{\"@type\":\"ReadAction\",\"target\":[\"https:\/\/cierresgalicia.com\/gl\/aviso-legal\/\"]}]},{\"@type\":\"BreadcrumbList\",\"@id\":\"https:\/\/cierresgalicia.com\/gl\/aviso-legal\/#breadcrumb\",\"itemListElement\":[{\"@type\":\"ListItem\",\"position\":1,\"name\":\"Portada\",\"item\":\"https:\/\/cierresgalicia.com\/gl\/comeza\/\"},{\"@type\":\"ListItem\",\"position\":2,\"name\":\"Aviso legal\"}]},{\"@type\":\"WebSite\",\"@id\":\"https:\/\/cierresgalicia.com\/gl\/#website\",\"url\":\"https:\/\/cierresgalicia.com\/gl\/\",\"name\":\"Cierres Galicia\",\"description\":\"\",\"publisher\":{\"@id\":\"https:\/\/cierresgalicia.com\/gl\/#organization\"},\"potentialAction\":[{\"@type\":\"SearchAction\",\"target\":{\"@type\":\"EntryPoint\",\"urlTemplate\":\"https:\/\/cierresgalicia.com\/gl\/?s={search_term_string}\"},\"query-input\":{\"@type\":\"PropertyValueSpecification\",\"valueRequired\":true,\"valueName\":\"search_term_string\"}}],\"inLanguage\":\"gl-ES\"},{\"@type\":\"Organization\",\"@id\":\"https:\/\/cierresgalicia.com\/gl\/#organization\",\"name\":\"Cierres Galicia\",\"url\":\"https:\/\/cierresgalicia.com\/gl\/\",\"logo\":{\"@type\":\"ImageObject\",\"inLanguage\":\"gl-ES\",\"@id\":\"https:\/\/cierresgalicia.com\/gl\/#\/schema\/logo\/image\/\",\"url\":\"https:\/\/cierresgalicia.com\/wp-content\/uploads\/2025\/09\/cropped-VILA-6-e1759225939477.jpg\",\"contentUrl\":\"https:\/\/cierresgalicia.com\/wp-content\/uploads\/2025\/09\/cropped-VILA-6-e1759225939477.jpg\",\"width\":512,\"height\":367,\"caption\":\"Cierres Galicia\"},\"image\":{\"@id\":\"https:\/\/cierresgalicia.com\/gl\/#\/schema\/logo\/image\/\"},\"sameAs\":[\"https:\/\/www.facebook.com\/rolando.vilacapon\"]}]}<\/script>\n<!-- \/ Yoast SEO plugin. -->","yoast_head_json":{"title":"Aviso legal - Cierres Galicia","robots":{"index":"index","follow":"follow","max-snippet":"max-snippet:-1","max-image-preview":"max-image-preview:large","max-video-preview":"max-video-preview:-1"},"canonical":"https:\/\/cierresgalicia.com\/gl\/aviso-legal\/","og_locale":"gl_ES","og_type":"article","og_title":"Aviso legal - Cierres Galicia","og_description":"Este Aviso Legal regula o acceso, a navegaci\u00f3n e o uso do sitio web www.cierresgalicia.com (en diante, o &#8220;Sitio Web&#8221;), propiedade de Rolando Vila Cap\u00f3n , que ofrece informaci\u00f3n sobre os produtos e servizos de cerramentos e estruturas met\u00e1licas de Cierres Galicia . O acceso e uso do sitio web out\u00f3rgalle a condici\u00f3n de USUARIO [&hellip;]","og_url":"https:\/\/cierresgalicia.com\/gl\/aviso-legal\/","og_site_name":"Cierres Galicia","article_publisher":"https:\/\/www.facebook.com\/rolando.vilacapon","article_modified_time":"2025-09-29T08:09:29+00:00","twitter_card":"summary_large_image","twitter_misc":{"Tempo de lectura":"3 minutos"},"schema":{"@context":"https:\/\/schema.org","@graph":[{"@type":"WebPage","@id":"https:\/\/cierresgalicia.com\/gl\/aviso-legal\/","url":"https:\/\/cierresgalicia.com\/gl\/aviso-legal\/","name":"Aviso legal - Cierres Galicia","isPartOf":{"@id":"https:\/\/cierresgalicia.com\/gl\/#website"},"datePublished":"2024-01-25T07:53:03+00:00","dateModified":"2025-09-29T08:09:29+00:00","breadcrumb":{"@id":"https:\/\/cierresgalicia.com\/gl\/aviso-legal\/#breadcrumb"},"inLanguage":"gl-ES","potentialAction":[{"@type":"ReadAction","target":["https:\/\/cierresgalicia.com\/gl\/aviso-legal\/"]}]},{"@type":"BreadcrumbList","@id":"https:\/\/cierresgalicia.com\/gl\/aviso-legal\/#breadcrumb","itemListElement":[{"@type":"ListItem","position":1,"name":"Portada","item":"https:\/\/cierresgalicia.com\/gl\/comeza\/"},{"@type":"ListItem","position":2,"name":"Aviso legal"}]},{"@type":"WebSite","@id":"https:\/\/cierresgalicia.com\/gl\/#website","url":"https:\/\/cierresgalicia.com\/gl\/","name":"Cierres Galicia","description":"","publisher":{"@id":"https:\/\/cierresgalicia.com\/gl\/#organization"},"potentialAction":[{"@type":"SearchAction","target":{"@type":"EntryPoint","urlTemplate":"https:\/\/cierresgalicia.com\/gl\/?s={search_term_string}"},"query-input":{"@type":"PropertyValueSpecification","valueRequired":true,"valueName":"search_term_string"}}],"inLanguage":"gl-ES"},{"@type":"Organization","@id":"https:\/\/cierresgalicia.com\/gl\/#organization","name":"Cierres Galicia","url":"https:\/\/cierresgalicia.com\/gl\/","logo":{"@type":"ImageObject","inLanguage":"gl-ES","@id":"https:\/\/cierresgalicia.com\/gl\/#\/schema\/logo\/image\/","url":"https:\/\/cierresgalicia.com\/wp-content\/uploads\/2025\/09\/cropped-VILA-6-e1759225939477.jpg","contentUrl":"https:\/\/cierresgalicia.com\/wp-content\/uploads\/2025\/09\/cropped-VILA-6-e1759225939477.jpg","width":512,"height":367,"caption":"Cierres Galicia"},"image":{"@id":"https:\/\/cierresgalicia.com\/gl\/#\/schema\/logo\/image\/"},"sameAs":["https:\/\/www.facebook.com\/rolando.vilacapon"]}]}},"_links":{"self":[{"href":"https:\/\/cierresgalicia.com\/gl\/wp-json\/wp\/v2\/pages\/1344","targetHints":{"allow":["GET"]}}],"collection":[{"href":"https:\/\/cierresgalicia.com\/gl\/wp-json\/wp\/v2\/pages"}],"about":[{"href":"https:\/\/cierresgalicia.com\/gl\/wp-json\/wp\/v2\/types\/page"}],"author":[{"embeddable":true,"href":"https:\/\/cierresgalicia.com\/gl\/wp-json\/wp\/v2\/users\/1"}],"replies":[{"embeddable":true,"href":"https:\/\/cierresgalicia.com\/gl\/wp-json\/wp\/v2\/comments?post=1344"}],"version-history":[{"count":1,"href":"https:\/\/cierresgalicia.com\/gl\/wp-json\/wp\/v2\/pages\/1344\/revisions"}],"predecessor-version":[{"id":1345,"href":"https:\/\/cierresgalicia.com\/gl\/wp-json\/wp\/v2\/pages\/1344\/revisions\/1345"}],"wp:attachment":[{"href":"https:\/\/cierresgalicia.com\/gl\/wp-json\/wp\/v2\/media?parent=1344"}],"curies":[{"name":"wp","href":"https:\/\/api.w.org\/{rel}","templated":true}]}}