{"id":1275,"date":"2024-01-25T07:53:03","date_gmt":"2024-01-25T07:53:03","guid":{"rendered":"https:\/\/cierresgalicia.com\/politica-de-privacidade\/"},"modified":"2025-09-29T08:09:56","modified_gmt":"2025-09-29T08:09:56","slug":"politica-de-privacidade","status":"publish","type":"page","link":"https:\/\/cierresgalicia.com\/gl\/politica-de-privacidade\/","title":{"rendered":"Pol\u00edtica de Privacidade"},"content":{"rendered":"\n<p>Data de entrada en vigor: 01\/01\/2024<\/p>\n\n<p>Cerres Galicia comprom\u00e9tese a protexer e respectar a s\u00faa privacidade. Esta pol\u00edtica describe como recompilamos, usamos e protexemos calquera informaci\u00f3n persoal que nos proporcione.<\/p>\n\n<h3 class=\"wp-block-heading\"><strong>1. Informaci\u00f3n que recollemos:<\/strong><\/h3>\n\n<p>Recopilamos informaci\u00f3n persoal cando nolo proporcionas directamente, como cando enche formularios no noso sitio web, p\u00f3\u00f1ase en contacto connosco por correo electr\u00f3nico ou por tel\u00e9fono. A informaci\u00f3n que podemos recoller incl\u00fae, pero non se limita a, o teu nome, enderezo de correo electr\u00f3nico, enderezo postal e n\u00famero de tel\u00e9fono.<\/p>\n\n<h3 class=\"wp-block-heading\"><strong>2. Uso da informaci\u00f3n:<\/strong><\/h3>\n\n<p>Usamos a informaci\u00f3n que recollemos para:<\/p>\n\n<ul class=\"wp-block-list\">\n<li>Tramita e responde \u00e1s t\u00faas consultas e solicitudes.<\/li>\n\n\n\n<li>Enviar informaci\u00f3n sobre os nosos produtos e servizos.<\/li>\n\n\n\n<li>Mellora e personaliza a t\u00faa experiencia cos nosos produtos e servizos.<\/li>\n\n\n\n<li>Cumprir coas nosas obrigas legais e regulamentarias.<\/li>\n<\/ul>\n\n<h3 class=\"wp-block-heading\"><strong>3. Divulgaci\u00f3n a terceiros:<\/strong><\/h3>\n\n<p>Non compartiremos a s\u00faa informaci\u00f3n persoal con terceiros, salvo que sexa necesario para cumprir coas obrigas legais, protexer os nosos dereitos ou responder a solicitudes legais.<\/p>\n\n<h3 class=\"wp-block-heading\"><strong>4. Seguridade:<\/strong><\/h3>\n\n<p>Tomamos medidas razoables para protexer a informaci\u00f3n persoal que recompilamos, tanto durante a transmisi\u00f3n como unha vez que a recibimos. Non obstante, ningunha transmisi\u00f3n por Internet ou almacenamento electr\u00f3nico \u00e9 100% segura.<\/p>\n\n<h3 class=\"wp-block-heading\"><strong>5. Cookies:<\/strong><\/h3>\n\n<p>Usamos cookies para mellorar a funcionalidade do noso sitio web e comprender como interact\u00faan os visitantes con el. Podes configurar o teu navegador para que che avise cando se env\u00edan cookies ou para que as rexeite, a\u00ednda que isto pode afectar a funcionalidade de determinadas partes do sitio. Consulta a nosa <a href=\"https:\/\/cierresgalicia.com\/gl\/politica-de-cookies-ue\/\">Pol\u00edtica de Cookies<\/a> .<\/p>\n\n<h3 class=\"wp-block-heading\"><strong>6. Cambios na pol\u00edtica de privacidade:<\/strong><\/h3>\n\n<p>Reserv\u00e1monos o dereito de actualizar esta pol\u00edtica en calquera momento. A data de vixencia indicarase ao comezo da p\u00f3liza.<\/p>\n\n<h3 class=\"wp-block-heading\"><strong>7. Contacto:<\/strong><\/h3>\n\n<p>Se ten d\u00fabidas sobre esta pol\u00edtica de privacidade ou desexa exercer os seus dereitos sobre os seus datos persoais, p\u00f3\u00f1ase en contacto connosco a trav\u00e9s de:<\/p>\n\n<ul class=\"wp-block-list\">\n<li>Correo electr\u00f3nico: <a>info@cierresgalicia.com<\/a><\/li>\n\n\n\n<li>Enderezo postal: Lg\/ San Xuli\u00e1n, 46, 27363 &#8211; O P\u00e1ramo (Lugo)<\/li>\n\n\n\n<li>Tel\u00e9fono: 646 736 302<\/li>\n<\/ul>\n","protected":false},"excerpt":{"rendered":"<p>Data de entrada en vigor: 01\/01\/2024 Cerres Galicia comprom\u00e9tese a protexer e respectar a s\u00faa privacidade. Esta pol\u00edtica describe como recompilamos, usamos e protexemos calquera informaci\u00f3n persoal que nos proporcione. 1. Informaci\u00f3n que recollemos: Recopilamos informaci\u00f3n persoal cando nolo proporcionas directamente, como cando enche formularios no noso sitio web, p\u00f3\u00f1ase en contacto connosco por correo [&hellip;]<\/p>\n","protected":false},"author":1,"featured_media":0,"parent":0,"menu_order":0,"comment_status":"closed","ping_status":"open","template":"","meta":{"site-sidebar-layout":"no-sidebar","site-content-layout":"","ast-site-content-layout":"normal-width-container","site-content-style":"default","site-sidebar-style":"default","ast-global-header-display":"","ast-banner-title-visibility":"","ast-main-header-display":"","ast-hfb-above-header-display":"","ast-hfb-below-header-display":"","ast-hfb-mobile-header-display":"","site-post-title":"","ast-breadcrumbs-content":"","ast-featured-img":"","footer-sml-layout":"","theme-transparent-header-meta":"","adv-header-id-meta":"","stick-header-meta":"","header-above-stick-meta":"","header-main-stick-meta":"","header-below-stick-meta":"","astra-migrate-meta-layouts":"default","ast-page-background-enabled":"default","ast-page-background-meta":{"desktop":{"background-color":"","background-image":"","background-repeat":"repeat","background-position":"center center","background-size":"auto","background-attachment":"scroll","background-type":"","background-media":"","overlay-type":"","overlay-color":"","overlay-gradient":""},"tablet":{"background-color":"","background-image":"","background-repeat":"repeat","background-position":"center center","background-size":"auto","background-attachment":"scroll","background-type":"","background-media":"","overlay-type":"","overlay-color":"","overlay-gradient":""},"mobile":{"background-color":"","background-image":"","background-repeat":"repeat","background-position":"center center","background-size":"auto","background-attachment":"scroll","background-type":"","background-media":"","overlay-type":"","overlay-color":"","overlay-gradient":""}},"ast-content-background-meta":{"desktop":{"background-color":"var(--ast-global-color-5)","background-image":"","background-repeat":"repeat","background-position":"center center","background-size":"auto","background-attachment":"scroll","background-type":"","background-media":"","overlay-type":"","overlay-color":"","overlay-gradient":""},"tablet":{"background-color":"var(--ast-global-color-5)","background-image":"","background-repeat":"repeat","background-position":"center center","background-size":"auto","background-attachment":"scroll","background-type":"","background-media":"","overlay-type":"","overlay-color":"","overlay-gradient":""},"mobile":{"background-color":"var(--ast-global-color-5)","background-image":"","background-repeat":"repeat","background-position":"center center","background-size":"auto","background-attachment":"scroll","background-type":"","background-media":"","overlay-type":"","overlay-color":"","overlay-gradient":""}},"footnotes":""},"class_list":["post-1275","page","type-page","status-publish","hentry"],"yoast_head":"<!-- This site is optimized with the Yoast SEO plugin v25.8 - https:\/\/yoast.com\/wordpress\/plugins\/seo\/ -->\n<title>Pol\u00edtica de Privacidade - Cierres Galicia<\/title>\n<meta name=\"robots\" content=\"index, follow, max-snippet:-1, max-image-preview:large, max-video-preview:-1\" \/>\n<link rel=\"canonical\" href=\"https:\/\/cierresgalicia.com\/gl\/politica-de-privacidade\/\" \/>\n<meta property=\"og:locale\" content=\"gl_ES\" \/>\n<meta property=\"og:type\" content=\"article\" \/>\n<meta property=\"og:title\" content=\"Pol\u00edtica de Privacidade - Cierres Galicia\" \/>\n<meta property=\"og:description\" content=\"Data de entrada en vigor: 01\/01\/2024 Cerres Galicia comprom\u00e9tese a protexer e respectar a s\u00faa privacidade. Esta pol\u00edtica describe como recompilamos, usamos e protexemos calquera informaci\u00f3n persoal que nos proporcione. 1. Informaci\u00f3n que recollemos: Recopilamos informaci\u00f3n persoal cando nolo proporcionas directamente, como cando enche formularios no noso sitio web, p\u00f3\u00f1ase en contacto connosco por correo [&hellip;]\" \/>\n<meta property=\"og:url\" content=\"https:\/\/cierresgalicia.com\/gl\/politica-de-privacidade\/\" \/>\n<meta property=\"og:site_name\" content=\"Cierres Galicia\" \/>\n<meta property=\"article:publisher\" content=\"https:\/\/www.facebook.com\/rolando.vilacapon\" \/>\n<meta property=\"article:modified_time\" content=\"2025-09-29T08:09:56+00:00\" \/>\n<meta name=\"twitter:card\" content=\"summary_large_image\" \/>\n<meta name=\"twitter:label1\" content=\"Tempo de lectura\" \/>\n\t<meta name=\"twitter:data1\" content=\"2 minutos\" \/>\n<script type=\"application\/ld+json\" class=\"yoast-schema-graph\">{\"@context\":\"https:\/\/schema.org\",\"@graph\":[{\"@type\":\"WebPage\",\"@id\":\"https:\/\/cierresgalicia.com\/gl\/politica-de-privacidade\/\",\"url\":\"https:\/\/cierresgalicia.com\/gl\/politica-de-privacidade\/\",\"name\":\"Pol\u00edtica de Privacidade - Cierres Galicia\",\"isPartOf\":{\"@id\":\"https:\/\/cierresgalicia.com\/gl\/#website\"},\"datePublished\":\"2024-01-25T07:53:03+00:00\",\"dateModified\":\"2025-09-29T08:09:56+00:00\",\"breadcrumb\":{\"@id\":\"https:\/\/cierresgalicia.com\/gl\/politica-de-privacidade\/#breadcrumb\"},\"inLanguage\":\"gl-ES\",\"potentialAction\":[{\"@type\":\"ReadAction\",\"target\":[\"https:\/\/cierresgalicia.com\/gl\/politica-de-privacidade\/\"]}]},{\"@type\":\"BreadcrumbList\",\"@id\":\"https:\/\/cierresgalicia.com\/gl\/politica-de-privacidade\/#breadcrumb\",\"itemListElement\":[{\"@type\":\"ListItem\",\"position\":1,\"name\":\"Portada\",\"item\":\"https:\/\/cierresgalicia.com\/gl\/comeza\/\"},{\"@type\":\"ListItem\",\"position\":2,\"name\":\"Pol\u00edtica de Privacidade\"}]},{\"@type\":\"WebSite\",\"@id\":\"https:\/\/cierresgalicia.com\/gl\/#website\",\"url\":\"https:\/\/cierresgalicia.com\/gl\/\",\"name\":\"Cierres Galicia\",\"description\":\"\",\"publisher\":{\"@id\":\"https:\/\/cierresgalicia.com\/gl\/#organization\"},\"potentialAction\":[{\"@type\":\"SearchAction\",\"target\":{\"@type\":\"EntryPoint\",\"urlTemplate\":\"https:\/\/cierresgalicia.com\/gl\/?s={search_term_string}\"},\"query-input\":{\"@type\":\"PropertyValueSpecification\",\"valueRequired\":true,\"valueName\":\"search_term_string\"}}],\"inLanguage\":\"gl-ES\"},{\"@type\":\"Organization\",\"@id\":\"https:\/\/cierresgalicia.com\/gl\/#organization\",\"name\":\"Cierres Galicia\",\"url\":\"https:\/\/cierresgalicia.com\/gl\/\",\"logo\":{\"@type\":\"ImageObject\",\"inLanguage\":\"gl-ES\",\"@id\":\"https:\/\/cierresgalicia.com\/gl\/#\/schema\/logo\/image\/\",\"url\":\"https:\/\/cierresgalicia.com\/wp-content\/uploads\/2025\/09\/cropped-VILA-6-e1759225939477.jpg\",\"contentUrl\":\"https:\/\/cierresgalicia.com\/wp-content\/uploads\/2025\/09\/cropped-VILA-6-e1759225939477.jpg\",\"width\":512,\"height\":367,\"caption\":\"Cierres Galicia\"},\"image\":{\"@id\":\"https:\/\/cierresgalicia.com\/gl\/#\/schema\/logo\/image\/\"},\"sameAs\":[\"https:\/\/www.facebook.com\/rolando.vilacapon\"]}]}<\/script>\n<!-- \/ Yoast SEO plugin. -->","yoast_head_json":{"title":"Pol\u00edtica de Privacidade - Cierres Galicia","robots":{"index":"index","follow":"follow","max-snippet":"max-snippet:-1","max-image-preview":"max-image-preview:large","max-video-preview":"max-video-preview:-1"},"canonical":"https:\/\/cierresgalicia.com\/gl\/politica-de-privacidade\/","og_locale":"gl_ES","og_type":"article","og_title":"Pol\u00edtica de Privacidade - Cierres Galicia","og_description":"Data de entrada en vigor: 01\/01\/2024 Cerres Galicia comprom\u00e9tese a protexer e respectar a s\u00faa privacidade. Esta pol\u00edtica describe como recompilamos, usamos e protexemos calquera informaci\u00f3n persoal que nos proporcione. 1. Informaci\u00f3n que recollemos: Recopilamos informaci\u00f3n persoal cando nolo proporcionas directamente, como cando enche formularios no noso sitio web, p\u00f3\u00f1ase en contacto connosco por correo [&hellip;]","og_url":"https:\/\/cierresgalicia.com\/gl\/politica-de-privacidade\/","og_site_name":"Cierres Galicia","article_publisher":"https:\/\/www.facebook.com\/rolando.vilacapon","article_modified_time":"2025-09-29T08:09:56+00:00","twitter_card":"summary_large_image","twitter_misc":{"Tempo de lectura":"2 minutos"},"schema":{"@context":"https:\/\/schema.org","@graph":[{"@type":"WebPage","@id":"https:\/\/cierresgalicia.com\/gl\/politica-de-privacidade\/","url":"https:\/\/cierresgalicia.com\/gl\/politica-de-privacidade\/","name":"Pol\u00edtica de Privacidade - Cierres Galicia","isPartOf":{"@id":"https:\/\/cierresgalicia.com\/gl\/#website"},"datePublished":"2024-01-25T07:53:03+00:00","dateModified":"2025-09-29T08:09:56+00:00","breadcrumb":{"@id":"https:\/\/cierresgalicia.com\/gl\/politica-de-privacidade\/#breadcrumb"},"inLanguage":"gl-ES","potentialAction":[{"@type":"ReadAction","target":["https:\/\/cierresgalicia.com\/gl\/politica-de-privacidade\/"]}]},{"@type":"BreadcrumbList","@id":"https:\/\/cierresgalicia.com\/gl\/politica-de-privacidade\/#breadcrumb","itemListElement":[{"@type":"ListItem","position":1,"name":"Portada","item":"https:\/\/cierresgalicia.com\/gl\/comeza\/"},{"@type":"ListItem","position":2,"name":"Pol\u00edtica de Privacidade"}]},{"@type":"WebSite","@id":"https:\/\/cierresgalicia.com\/gl\/#website","url":"https:\/\/cierresgalicia.com\/gl\/","name":"Cierres Galicia","description":"","publisher":{"@id":"https:\/\/cierresgalicia.com\/gl\/#organization"},"potentialAction":[{"@type":"SearchAction","target":{"@type":"EntryPoint","urlTemplate":"https:\/\/cierresgalicia.com\/gl\/?s={search_term_string}"},"query-input":{"@type":"PropertyValueSpecification","valueRequired":true,"valueName":"search_term_string"}}],"inLanguage":"gl-ES"},{"@type":"Organization","@id":"https:\/\/cierresgalicia.com\/gl\/#organization","name":"Cierres Galicia","url":"https:\/\/cierresgalicia.com\/gl\/","logo":{"@type":"ImageObject","inLanguage":"gl-ES","@id":"https:\/\/cierresgalicia.com\/gl\/#\/schema\/logo\/image\/","url":"https:\/\/cierresgalicia.com\/wp-content\/uploads\/2025\/09\/cropped-VILA-6-e1759225939477.jpg","contentUrl":"https:\/\/cierresgalicia.com\/wp-content\/uploads\/2025\/09\/cropped-VILA-6-e1759225939477.jpg","width":512,"height":367,"caption":"Cierres Galicia"},"image":{"@id":"https:\/\/cierresgalicia.com\/gl\/#\/schema\/logo\/image\/"},"sameAs":["https:\/\/www.facebook.com\/rolando.vilacapon"]}]}},"_links":{"self":[{"href":"https:\/\/cierresgalicia.com\/gl\/wp-json\/wp\/v2\/pages\/1275","targetHints":{"allow":["GET"]}}],"collection":[{"href":"https:\/\/cierresgalicia.com\/gl\/wp-json\/wp\/v2\/pages"}],"about":[{"href":"https:\/\/cierresgalicia.com\/gl\/wp-json\/wp\/v2\/types\/page"}],"author":[{"embeddable":true,"href":"https:\/\/cierresgalicia.com\/gl\/wp-json\/wp\/v2\/users\/1"}],"replies":[{"embeddable":true,"href":"https:\/\/cierresgalicia.com\/gl\/wp-json\/wp\/v2\/comments?post=1275"}],"version-history":[{"count":1,"href":"https:\/\/cierresgalicia.com\/gl\/wp-json\/wp\/v2\/pages\/1275\/revisions"}],"predecessor-version":[{"id":1276,"href":"https:\/\/cierresgalicia.com\/gl\/wp-json\/wp\/v2\/pages\/1275\/revisions\/1276"}],"wp:attachment":[{"href":"https:\/\/cierresgalicia.com\/gl\/wp-json\/wp\/v2\/media?parent=1275"}],"curies":[{"name":"wp","href":"https:\/\/api.w.org\/{rel}","templated":true}]}}