{"id":1233,"date":"2018-10-09T09:16:29","date_gmt":"2018-10-09T09:16:29","guid":{"rendered":"https:\/\/cierresgalicia.com\/servizos\/"},"modified":"2025-09-30T08:33:36","modified_gmt":"2025-09-30T08:33:36","slug":"servizos","status":"publish","type":"page","link":"https:\/\/cierresgalicia.com\/gl\/servizos\/","title":{"rendered":"Servizos"},"content":{"rendered":"\t\t<div data-elementor-type=\"wp-post\" data-elementor-id=\"1233\" class=\"elementor elementor-1233 elementor-659\">\n\t\t\t\t<div class=\"elementor-element elementor-element-28756bf e-flex e-con-boxed e-con e-parent\" data-id=\"28756bf\" data-element_type=\"container\" data-settings=\"{&quot;background_background&quot;:&quot;classic&quot;}\">\n\t\t\t\t\t<div class=\"e-con-inner\">\n\t\t<div class=\"elementor-element elementor-element-fc4258e e-con-full e-flex e-con e-child\" data-id=\"fc4258e\" data-element_type=\"container\">\n\t\t\t\t<div class=\"elementor-element elementor-element-802e70a elementor-widget elementor-widget-heading\" data-id=\"802e70a\" data-element_type=\"widget\" data-widget_type=\"heading.default\">\n\t\t\t\t<div class=\"elementor-widget-container\">\n\t\t\t\t\t<h5 class=\"elementor-heading-title elementor-size-default\">O noso<\/h5>\t\t\t\t<\/div>\n\t\t\t\t<\/div>\n\t\t\t\t<div class=\"elementor-element elementor-element-df009b4 elementor-widget elementor-widget-heading\" data-id=\"df009b4\" data-element_type=\"widget\" data-widget_type=\"heading.default\">\n\t\t\t\t<div class=\"elementor-widget-container\">\n\t\t\t\t\t<h1 class=\"elementor-heading-title elementor-size-default\">Servizos<\/h1>\t\t\t\t<\/div>\n\t\t\t\t<\/div>\n\t\t\t\t<\/div>\n\t\t\t\t\t<\/div>\n\t\t\t\t<\/div>\n\t\t<div class=\"elementor-element elementor-element-8297cfa e-flex e-con-boxed e-con e-parent\" data-id=\"8297cfa\" data-element_type=\"container\" data-settings=\"{&quot;background_background&quot;:&quot;classic&quot;}\">\n\t\t\t\t\t<div class=\"e-con-inner\">\n\t\t<div class=\"elementor-element elementor-element-3889d80 e-con-full e-flex e-con e-child\" data-id=\"3889d80\" data-element_type=\"container\">\n\t\t\t\t<div class=\"elementor-element elementor-element-e5e702b elementor-widget elementor-widget-heading\" data-id=\"e5e702b\" data-element_type=\"widget\" data-widget_type=\"heading.default\">\n\t\t\t\t<div class=\"elementor-widget-container\">\n\t\t\t\t\t<h5 class=\"elementor-heading-title elementor-size-default\">Especialistas<\/h5>\t\t\t\t<\/div>\n\t\t\t\t<\/div>\n\t\t\t\t<div class=\"elementor-element elementor-element-717dbb5 elementor-widget__width-initial elementor-widget elementor-widget-heading\" data-id=\"717dbb5\" data-element_type=\"widget\" data-widget_type=\"heading.default\">\n\t\t\t\t<div class=\"elementor-widget-container\">\n\t\t\t\t\t<h2 class=\"elementor-heading-title elementor-size-default\">nos peches de explotaci\u00f3ns agr\u00edcolas<\/h2>\t\t\t\t<\/div>\n\t\t\t\t<\/div>\n\t\t\t\t<div class=\"elementor-element elementor-element-9d2dae1 elementor-widget-divider--view-line elementor-widget elementor-widget-divider\" data-id=\"9d2dae1\" data-element_type=\"widget\" data-widget_type=\"divider.default\">\n\t\t\t\t<div class=\"elementor-widget-container\">\n\t\t\t\t\t\t\t<div class=\"elementor-divider\">\n\t\t\t<span class=\"elementor-divider-separator\">\n\t\t\t\t\t\t<\/span>\n\t\t<\/div>\n\t\t\t\t\t\t<\/div>\n\t\t\t\t<\/div>\n\t\t\t\t<\/div>\n\t\t<div class=\"elementor-element elementor-element-4ac8d54 e-con-full e-flex e-con e-child\" data-id=\"4ac8d54\" data-element_type=\"container\">\n\t\t\t\t<div class=\"elementor-element elementor-element-c6fc8e2 elementor-widget elementor-widget-text-editor\" data-id=\"c6fc8e2\" data-element_type=\"widget\" data-widget_type=\"text-editor.default\">\n\t\t\t\t<div class=\"elementor-widget-container\">\n\t\t\t\t\t\t\t\t\t<p>En Cierres Galicia, dese\u00f1amos e instalamos valados de madeira, metal e formig\u00f3n que achegan seguridade, durabilidade e est\u00e9tica \u00e1 s\u00faa propiedade. Complementamos o noso traballo con servizos de desbroce e limpeza para que o seu terreo estea sempre en perfecto estado, ofrecendo os nosos servizos en toda Galicia.<\/p>\t\t\t\t\t\t\t\t<\/div>\n\t\t\t\t<\/div>\n\t\t\t\t<\/div>\n\t\t\t\t\t<\/div>\n\t\t\t\t<\/div>\n\t\t<div class=\"elementor-element elementor-element-5cc8296 e-con-full e-flex e-con e-parent\" data-id=\"5cc8296\" data-element_type=\"container\">\n\t\t<div class=\"elementor-element elementor-element-21d354d e-con-full e-flex e-con e-child\" data-id=\"21d354d\" data-element_type=\"container\" data-settings=\"{&quot;background_background&quot;:&quot;classic&quot;}\">\n\t\t\t\t<div class=\"elementor-element elementor-element-84ec67f elementor-widget elementor-widget-image\" data-id=\"84ec67f\" data-element_type=\"widget\" data-widget_type=\"image.default\">\n\t\t\t\t<div class=\"elementor-widget-container\">\n\t\t\t\t\t\t\t\t\t\t\t\t\t\t\t<img fetchpriority=\"high\" decoding=\"async\" width=\"960\" height=\"350\" src=\"https:\/\/cierresgalicia.com\/wp-content\/uploads\/2025\/09\/Diseno-sin-titulo-2025-09-30T095631.654.jpg\" class=\"attachment-large size-large wp-image-1402\" alt=\"\" srcset=\"https:\/\/cierresgalicia.com\/wp-content\/uploads\/2025\/09\/Diseno-sin-titulo-2025-09-30T095631.654.jpg 960w, https:\/\/cierresgalicia.com\/wp-content\/uploads\/2025\/09\/Diseno-sin-titulo-2025-09-30T095631.654-300x109.jpg 300w, https:\/\/cierresgalicia.com\/wp-content\/uploads\/2025\/09\/Diseno-sin-titulo-2025-09-30T095631.654-768x280.jpg 768w\" sizes=\"(max-width: 960px) 100vw, 960px\" \/>\t\t\t\t\t\t\t\t\t\t\t\t\t\t\t<\/div>\n\t\t\t\t<\/div>\n\t\t\t\t<\/div>\n\t\t<div class=\"elementor-element elementor-element-5f5a69f e-con-full e-flex e-con e-child\" data-id=\"5f5a69f\" data-element_type=\"container\" data-settings=\"{&quot;background_background&quot;:&quot;classic&quot;}\">\n\t\t\t\t<div class=\"elementor-element elementor-element-8e63b0a elementor-widget elementor-widget-image\" data-id=\"8e63b0a\" data-element_type=\"widget\" data-widget_type=\"image.default\">\n\t\t\t\t<div class=\"elementor-widget-container\">\n\t\t\t\t\t\t\t\t\t\t\t\t\t\t\t<img decoding=\"async\" width=\"960\" height=\"350\" src=\"https:\/\/cierresgalicia.com\/wp-content\/uploads\/2025\/09\/Diseno-sin-titulo-2025-09-30T095713.184.jpg\" class=\"attachment-large size-large wp-image-1400\" alt=\"imagen cierre madera terminado\" srcset=\"https:\/\/cierresgalicia.com\/wp-content\/uploads\/2025\/09\/Diseno-sin-titulo-2025-09-30T095713.184.jpg 960w, https:\/\/cierresgalicia.com\/wp-content\/uploads\/2025\/09\/Diseno-sin-titulo-2025-09-30T095713.184-300x109.jpg 300w, https:\/\/cierresgalicia.com\/wp-content\/uploads\/2025\/09\/Diseno-sin-titulo-2025-09-30T095713.184-768x280.jpg 768w\" sizes=\"(max-width: 960px) 100vw, 960px\" \/>\t\t\t\t\t\t\t\t\t\t\t\t\t\t\t<\/div>\n\t\t\t\t<\/div>\n\t\t\t\t<\/div>\n\t\t\t\t<\/div>\n\t\t<div class=\"elementor-element elementor-element-8986b42 e-flex e-con-boxed e-con e-parent\" data-id=\"8986b42\" data-element_type=\"container\">\n\t\t\t\t\t<div class=\"e-con-inner\">\n\t\t<div class=\"elementor-element elementor-element-36b0e59 e-con-full e-flex e-con e-child\" data-id=\"36b0e59\" data-element_type=\"container\">\n\t\t\t\t<div class=\"elementor-element elementor-element-33bd2be elementor-widget-divider--view-line elementor-widget elementor-widget-divider\" data-id=\"33bd2be\" data-element_type=\"widget\" data-widget_type=\"divider.default\">\n\t\t\t\t<div class=\"elementor-widget-container\">\n\t\t\t\t\t\t\t<div class=\"elementor-divider\">\n\t\t\t<span class=\"elementor-divider-separator\">\n\t\t\t\t\t\t<\/span>\n\t\t<\/div>\n\t\t\t\t\t\t<\/div>\n\t\t\t\t<\/div>\n\t\t\t\t<div class=\"elementor-element elementor-element-3ab5e7f elementor-widget elementor-widget-text-editor\" data-id=\"3ab5e7f\" data-element_type=\"widget\" data-widget_type=\"text-editor.default\">\n\t\t\t\t<div class=\"elementor-widget-container\">\n\t\t\t\t\t\t\t\t\t<p>Cada recinto que instalamos est\u00e1 dese\u00f1ado para transformar e protexer o seu entorno, combinando funcionalidade, est\u00e9tica e durabilidade. O noso obxectivo \u00e9 proporcionar a cada propiedade unha valla personalizada, acompa\u00f1ada dos servizos necesarios para manter o terreo limpo e preparado.<\/p>\t\t\t\t\t\t\t\t<\/div>\n\t\t\t\t<\/div>\n\t\t\t\t<\/div>\n\t\t\t\t\t<\/div>\n\t\t\t\t<\/div>\n\t\t<div class=\"elementor-element elementor-element-a399c92 e-flex e-con-boxed e-con e-parent\" data-id=\"a399c92\" data-element_type=\"container\" data-settings=\"{&quot;background_background&quot;:&quot;classic&quot;}\">\n\t\t\t\t\t<div class=\"e-con-inner\">\n\t\t\t\t<div class=\"elementor-element elementor-element-8dbab15 elementor-widget elementor-widget-heading\" data-id=\"8dbab15\" data-element_type=\"widget\" data-widget_type=\"heading.default\">\n\t\t\t\t<div class=\"elementor-widget-container\">\n\t\t\t\t\t<h2 class=\"elementor-heading-title elementor-size-default\">Madeira, metal ou formig\u00f3n<\/h2>\t\t\t\t<\/div>\n\t\t\t\t<\/div>\n\t\t\t\t<div class=\"elementor-element elementor-element-2c4e7e6 elementor-widget elementor-widget-heading\" data-id=\"2c4e7e6\" data-element_type=\"widget\" data-widget_type=\"heading.default\">\n\t\t\t\t<div class=\"elementor-widget-container\">\n\t\t\t\t\t<h3 class=\"elementor-heading-title elementor-size-default\">  Ti elixes, n\u00f3s instal\u00e1molo<\/h3>\t\t\t\t<\/div>\n\t\t\t\t<\/div>\n\t\t\t\t<div class=\"elementor-element elementor-element-5155687 elementor-widget elementor-widget-text-editor\" data-id=\"5155687\" data-element_type=\"widget\" data-widget_type=\"text-editor.default\">\n\t\t\t\t<div class=\"elementor-widget-container\">\n\t\t\t\t\t\t\t\t\t<p>En Cierres Galicia, especializ\u00e1monos na instalaci\u00f3n de peches duradeiros e feitos \u00e1 medida que combinan seguridade e est\u00e9tica para protexer o que m\u00e1is valoras. Ofrecemos os nosos servizos en toda Galicia. Solicita agora o teu orzamento sen compromiso e asesorar\u00e9mosche sobre a mellor opci\u00f3n para a t\u00faa propiedade.<\/p>\t\t\t\t\t\t\t\t<\/div>\n\t\t\t\t<\/div>\n\t\t<div class=\"elementor-element elementor-element-8f8cb3f e-con-full e-flex e-con e-child\" data-id=\"8f8cb3f\" data-element_type=\"container\">\n\t\t\t\t<div class=\"elementor-element elementor-element-a973f89 elementor-align-right elementor-widget__width-initial elementor-widget elementor-widget-button\" data-id=\"a973f89\" data-element_type=\"widget\" data-widget_type=\"button.default\">\n\t\t\t\t<div class=\"elementor-widget-container\">\n\t\t\t\t\t\t\t\t\t<div class=\"elementor-button-wrapper\">\n\t\t\t\t\t<a class=\"elementor-button elementor-button-link elementor-size-sm\" href=\"https:\/\/cierresgalicia.com\/gl\/contacto\/\">\n\t\t\t\t\t\t<span class=\"elementor-button-content-wrapper\">\n\t\t\t\t\t\t\t\t\t<span class=\"elementor-button-text\">SOLICITA O TEU ORZAMENTO<\/span>\n\t\t\t\t\t<\/span>\n\t\t\t\t\t<\/a>\n\t\t\t\t<\/div>\n\t\t\t\t\t\t\t\t<\/div>\n\t\t\t\t<\/div>\n\t\t\t\t<div class=\"elementor-element elementor-element-c6f130e elementor-align-left elementor-widget__width-initial elementor-mobile-align-center elementor-widget elementor-widget-button\" data-id=\"c6f130e\" data-element_type=\"widget\" data-widget_type=\"button.default\">\n\t\t\t\t<div class=\"elementor-widget-container\">\n\t\t\t\t\t\t\t\t\t<div class=\"elementor-button-wrapper\">\n\t\t\t\t\t<a class=\"elementor-button elementor-button-link elementor-size-sm\" href=\"https:\/\/cierresgalicia.com\/gl\/peches-de-fincas\/\">\n\t\t\t\t\t\t<span class=\"elementor-button-content-wrapper\">\n\t\t\t\t\t\t\t\t\t<span class=\"elementor-button-text\">M\u00c1IS INFORMACI\u00d3N<\/span>\n\t\t\t\t\t<\/span>\n\t\t\t\t\t<\/a>\n\t\t\t\t<\/div>\n\t\t\t\t\t\t\t\t<\/div>\n\t\t\t\t<\/div>\n\t\t\t\t<\/div>\n\t\t\t\t\t<\/div>\n\t\t\t\t<\/div>\n\t\t\t\t<\/div>\n\t\t","protected":false},"excerpt":{"rendered":"<p>O noso Servizos Especialistas nos peches de explotaci\u00f3ns agr\u00edcolas En Cierres Galicia, dese\u00f1amos e instalamos valados de madeira, metal e formig\u00f3n que achegan seguridade, durabilidade e est\u00e9tica \u00e1 s\u00faa propiedade. Complementamos o noso traballo con servizos de desbroce e limpeza para que o seu terreo estea sempre en perfecto estado, ofrecendo os nosos servizos en [&hellip;]<\/p>\n","protected":false},"author":1,"featured_media":0,"parent":0,"menu_order":0,"comment_status":"closed","ping_status":"closed","template":"","meta":{"site-sidebar-layout":"no-sidebar","site-content-layout":"page-builder","ast-site-content-layout":"","site-content-style":"default","site-sidebar-style":"default","ast-global-header-display":"","ast-banner-title-visibility":"","ast-main-header-display":"","ast-hfb-above-header-display":"","ast-hfb-below-header-display":"","ast-hfb-mobile-header-display":"","site-post-title":"disabled","ast-breadcrumbs-content":"","ast-featured-img":"disabled","footer-sml-layout":"","theme-transparent-header-meta":"enabled","adv-header-id-meta":"","stick-header-meta":"","header-above-stick-meta":"","header-main-stick-meta":"","header-below-stick-meta":"","astra-migrate-meta-layouts":"default","ast-page-background-enabled":"default","ast-page-background-meta":{"desktop":{"background-color":"","background-image":"","background-repeat":"repeat","background-position":"center center","background-size":"auto","background-attachment":"scroll","background-type":"","background-media":"","overlay-type":"","overlay-color":"","overlay-gradient":""},"tablet":{"background-color":"","background-image":"","background-repeat":"repeat","background-position":"center center","background-size":"auto","background-attachment":"scroll","background-type":"","background-media":"","overlay-type":"","overlay-color":"","overlay-gradient":""},"mobile":{"background-color":"","background-image":"","background-repeat":"repeat","background-position":"center center","background-size":"auto","background-attachment":"scroll","background-type":"","background-media":"","overlay-type":"","overlay-color":"","overlay-gradient":""}},"ast-content-background-meta":{"desktop":{"background-color":"var(--ast-global-color-5)","background-image":"","background-repeat":"repeat","background-position":"center center","background-size":"auto","background-attachment":"scroll","background-type":"","background-media":"","overlay-type":"","overlay-color":"","overlay-gradient":""},"tablet":{"background-color":"var(--ast-global-color-5)","background-image":"","background-repeat":"repeat","background-position":"center center","background-size":"auto","background-attachment":"scroll","background-type":"","background-media":"","overlay-type":"","overlay-color":"","overlay-gradient":""},"mobile":{"background-color":"var(--ast-global-color-5)","background-image":"","background-repeat":"repeat","background-position":"center center","background-size":"auto","background-attachment":"scroll","background-type":"","background-media":"","overlay-type":"","overlay-color":"","overlay-gradient":""}},"footnotes":""},"class_list":["post-1233","page","type-page","status-publish","hentry"],"yoast_head":"<!-- This site is optimized with the Yoast SEO plugin v25.8 - https:\/\/yoast.com\/wordpress\/plugins\/seo\/ -->\n<title>Servizos - Cierres Galicia<\/title>\n<meta name=\"robots\" content=\"index, follow, max-snippet:-1, max-image-preview:large, max-video-preview:-1\" \/>\n<link rel=\"canonical\" href=\"https:\/\/cierresgalicia.com\/gl\/servizos\/\" \/>\n<meta property=\"og:locale\" content=\"gl_ES\" \/>\n<meta property=\"og:type\" content=\"article\" \/>\n<meta property=\"og:title\" content=\"Servizos - Cierres Galicia\" \/>\n<meta property=\"og:description\" content=\"O noso Servizos Especialistas nos peches de explotaci\u00f3ns agr\u00edcolas En Cierres Galicia, dese\u00f1amos e instalamos valados de madeira, metal e formig\u00f3n que achegan seguridade, durabilidade e est\u00e9tica \u00e1 s\u00faa propiedade. Complementamos o noso traballo con servizos de desbroce e limpeza para que o seu terreo estea sempre en perfecto estado, ofrecendo os nosos servizos en [&hellip;]\" \/>\n<meta property=\"og:url\" content=\"https:\/\/cierresgalicia.com\/gl\/servizos\/\" \/>\n<meta property=\"og:site_name\" content=\"Cierres Galicia\" \/>\n<meta property=\"article:publisher\" content=\"https:\/\/www.facebook.com\/rolando.vilacapon\" \/>\n<meta property=\"article:modified_time\" content=\"2025-09-30T08:33:36+00:00\" \/>\n<meta property=\"og:image\" content=\"https:\/\/cierresgalicia.com\/wp-content\/uploads\/2025\/09\/Diseno-sin-titulo-2025-09-30T095631.654.jpg\" \/>\n\t<meta property=\"og:image:width\" content=\"960\" \/>\n\t<meta property=\"og:image:height\" content=\"350\" \/>\n\t<meta property=\"og:image:type\" content=\"image\/jpeg\" \/>\n<meta name=\"twitter:card\" content=\"summary_large_image\" \/>\n<meta name=\"twitter:label1\" content=\"Tempo de lectura\" \/>\n\t<meta name=\"twitter:data1\" content=\"1 minuto\" \/>\n<script type=\"application\/ld+json\" class=\"yoast-schema-graph\">{\"@context\":\"https:\/\/schema.org\",\"@graph\":[{\"@type\":\"WebPage\",\"@id\":\"https:\/\/cierresgalicia.com\/gl\/servizos\/\",\"url\":\"https:\/\/cierresgalicia.com\/gl\/servizos\/\",\"name\":\"Servizos - Cierres Galicia\",\"isPartOf\":{\"@id\":\"https:\/\/cierresgalicia.com\/gl\/#website\"},\"primaryImageOfPage\":{\"@id\":\"https:\/\/cierresgalicia.com\/gl\/servizos\/#primaryimage\"},\"image\":{\"@id\":\"https:\/\/cierresgalicia.com\/gl\/servizos\/#primaryimage\"},\"thumbnailUrl\":\"https:\/\/cierresgalicia.com\/wp-content\/uploads\/2025\/09\/Diseno-sin-titulo-2025-09-30T095631.654.jpg\",\"datePublished\":\"2018-10-09T09:16:29+00:00\",\"dateModified\":\"2025-09-30T08:33:36+00:00\",\"breadcrumb\":{\"@id\":\"https:\/\/cierresgalicia.com\/gl\/servizos\/#breadcrumb\"},\"inLanguage\":\"gl-ES\",\"potentialAction\":[{\"@type\":\"ReadAction\",\"target\":[\"https:\/\/cierresgalicia.com\/gl\/servizos\/\"]}]},{\"@type\":\"ImageObject\",\"inLanguage\":\"gl-ES\",\"@id\":\"https:\/\/cierresgalicia.com\/gl\/servizos\/#primaryimage\",\"url\":\"https:\/\/cierresgalicia.com\/wp-content\/uploads\/2025\/09\/Diseno-sin-titulo-2025-09-30T095631.654.jpg\",\"contentUrl\":\"https:\/\/cierresgalicia.com\/wp-content\/uploads\/2025\/09\/Diseno-sin-titulo-2025-09-30T095631.654.jpg\"},{\"@type\":\"BreadcrumbList\",\"@id\":\"https:\/\/cierresgalicia.com\/gl\/servizos\/#breadcrumb\",\"itemListElement\":[{\"@type\":\"ListItem\",\"position\":1,\"name\":\"Portada\",\"item\":\"https:\/\/cierresgalicia.com\/gl\/comeza\/\"},{\"@type\":\"ListItem\",\"position\":2,\"name\":\"Servizos\"}]},{\"@type\":\"WebSite\",\"@id\":\"https:\/\/cierresgalicia.com\/gl\/#website\",\"url\":\"https:\/\/cierresgalicia.com\/gl\/\",\"name\":\"Cierres Galicia\",\"description\":\"\",\"publisher\":{\"@id\":\"https:\/\/cierresgalicia.com\/gl\/#organization\"},\"potentialAction\":[{\"@type\":\"SearchAction\",\"target\":{\"@type\":\"EntryPoint\",\"urlTemplate\":\"https:\/\/cierresgalicia.com\/gl\/?s={search_term_string}\"},\"query-input\":{\"@type\":\"PropertyValueSpecification\",\"valueRequired\":true,\"valueName\":\"search_term_string\"}}],\"inLanguage\":\"gl-ES\"},{\"@type\":\"Organization\",\"@id\":\"https:\/\/cierresgalicia.com\/gl\/#organization\",\"name\":\"Cierres Galicia\",\"url\":\"https:\/\/cierresgalicia.com\/gl\/\",\"logo\":{\"@type\":\"ImageObject\",\"inLanguage\":\"gl-ES\",\"@id\":\"https:\/\/cierresgalicia.com\/gl\/#\/schema\/logo\/image\/\",\"url\":\"https:\/\/cierresgalicia.com\/wp-content\/uploads\/2025\/09\/cropped-VILA-6-e1759225939477.jpg\",\"contentUrl\":\"https:\/\/cierresgalicia.com\/wp-content\/uploads\/2025\/09\/cropped-VILA-6-e1759225939477.jpg\",\"width\":512,\"height\":367,\"caption\":\"Cierres Galicia\"},\"image\":{\"@id\":\"https:\/\/cierresgalicia.com\/gl\/#\/schema\/logo\/image\/\"},\"sameAs\":[\"https:\/\/www.facebook.com\/rolando.vilacapon\"]}]}<\/script>\n<!-- \/ Yoast SEO plugin. -->","yoast_head_json":{"title":"Servizos - Cierres Galicia","robots":{"index":"index","follow":"follow","max-snippet":"max-snippet:-1","max-image-preview":"max-image-preview:large","max-video-preview":"max-video-preview:-1"},"canonical":"https:\/\/cierresgalicia.com\/gl\/servizos\/","og_locale":"gl_ES","og_type":"article","og_title":"Servizos - Cierres Galicia","og_description":"O noso Servizos Especialistas nos peches de explotaci\u00f3ns agr\u00edcolas En Cierres Galicia, dese\u00f1amos e instalamos valados de madeira, metal e formig\u00f3n que achegan seguridade, durabilidade e est\u00e9tica \u00e1 s\u00faa propiedade. Complementamos o noso traballo con servizos de desbroce e limpeza para que o seu terreo estea sempre en perfecto estado, ofrecendo os nosos servizos en [&hellip;]","og_url":"https:\/\/cierresgalicia.com\/gl\/servizos\/","og_site_name":"Cierres Galicia","article_publisher":"https:\/\/www.facebook.com\/rolando.vilacapon","article_modified_time":"2025-09-30T08:33:36+00:00","og_image":[{"width":960,"height":350,"url":"https:\/\/cierresgalicia.com\/wp-content\/uploads\/2025\/09\/Diseno-sin-titulo-2025-09-30T095631.654.jpg","type":"image\/jpeg"}],"twitter_card":"summary_large_image","twitter_misc":{"Tempo de lectura":"1 minuto"},"schema":{"@context":"https:\/\/schema.org","@graph":[{"@type":"WebPage","@id":"https:\/\/cierresgalicia.com\/gl\/servizos\/","url":"https:\/\/cierresgalicia.com\/gl\/servizos\/","name":"Servizos - Cierres Galicia","isPartOf":{"@id":"https:\/\/cierresgalicia.com\/gl\/#website"},"primaryImageOfPage":{"@id":"https:\/\/cierresgalicia.com\/gl\/servizos\/#primaryimage"},"image":{"@id":"https:\/\/cierresgalicia.com\/gl\/servizos\/#primaryimage"},"thumbnailUrl":"https:\/\/cierresgalicia.com\/wp-content\/uploads\/2025\/09\/Diseno-sin-titulo-2025-09-30T095631.654.jpg","datePublished":"2018-10-09T09:16:29+00:00","dateModified":"2025-09-30T08:33:36+00:00","breadcrumb":{"@id":"https:\/\/cierresgalicia.com\/gl\/servizos\/#breadcrumb"},"inLanguage":"gl-ES","potentialAction":[{"@type":"ReadAction","target":["https:\/\/cierresgalicia.com\/gl\/servizos\/"]}]},{"@type":"ImageObject","inLanguage":"gl-ES","@id":"https:\/\/cierresgalicia.com\/gl\/servizos\/#primaryimage","url":"https:\/\/cierresgalicia.com\/wp-content\/uploads\/2025\/09\/Diseno-sin-titulo-2025-09-30T095631.654.jpg","contentUrl":"https:\/\/cierresgalicia.com\/wp-content\/uploads\/2025\/09\/Diseno-sin-titulo-2025-09-30T095631.654.jpg"},{"@type":"BreadcrumbList","@id":"https:\/\/cierresgalicia.com\/gl\/servizos\/#breadcrumb","itemListElement":[{"@type":"ListItem","position":1,"name":"Portada","item":"https:\/\/cierresgalicia.com\/gl\/comeza\/"},{"@type":"ListItem","position":2,"name":"Servizos"}]},{"@type":"WebSite","@id":"https:\/\/cierresgalicia.com\/gl\/#website","url":"https:\/\/cierresgalicia.com\/gl\/","name":"Cierres Galicia","description":"","publisher":{"@id":"https:\/\/cierresgalicia.com\/gl\/#organization"},"potentialAction":[{"@type":"SearchAction","target":{"@type":"EntryPoint","urlTemplate":"https:\/\/cierresgalicia.com\/gl\/?s={search_term_string}"},"query-input":{"@type":"PropertyValueSpecification","valueRequired":true,"valueName":"search_term_string"}}],"inLanguage":"gl-ES"},{"@type":"Organization","@id":"https:\/\/cierresgalicia.com\/gl\/#organization","name":"Cierres Galicia","url":"https:\/\/cierresgalicia.com\/gl\/","logo":{"@type":"ImageObject","inLanguage":"gl-ES","@id":"https:\/\/cierresgalicia.com\/gl\/#\/schema\/logo\/image\/","url":"https:\/\/cierresgalicia.com\/wp-content\/uploads\/2025\/09\/cropped-VILA-6-e1759225939477.jpg","contentUrl":"https:\/\/cierresgalicia.com\/wp-content\/uploads\/2025\/09\/cropped-VILA-6-e1759225939477.jpg","width":512,"height":367,"caption":"Cierres Galicia"},"image":{"@id":"https:\/\/cierresgalicia.com\/gl\/#\/schema\/logo\/image\/"},"sameAs":["https:\/\/www.facebook.com\/rolando.vilacapon"]}]}},"_links":{"self":[{"href":"https:\/\/cierresgalicia.com\/gl\/wp-json\/wp\/v2\/pages\/1233","targetHints":{"allow":["GET"]}}],"collection":[{"href":"https:\/\/cierresgalicia.com\/gl\/wp-json\/wp\/v2\/pages"}],"about":[{"href":"https:\/\/cierresgalicia.com\/gl\/wp-json\/wp\/v2\/types\/page"}],"author":[{"embeddable":true,"href":"https:\/\/cierresgalicia.com\/gl\/wp-json\/wp\/v2\/users\/1"}],"replies":[{"embeddable":true,"href":"https:\/\/cierresgalicia.com\/gl\/wp-json\/wp\/v2\/comments?post=1233"}],"version-history":[{"count":6,"href":"https:\/\/cierresgalicia.com\/gl\/wp-json\/wp\/v2\/pages\/1233\/revisions"}],"predecessor-version":[{"id":1469,"href":"https:\/\/cierresgalicia.com\/gl\/wp-json\/wp\/v2\/pages\/1233\/revisions\/1469"}],"wp:attachment":[{"href":"https:\/\/cierresgalicia.com\/gl\/wp-json\/wp\/v2\/media?parent=1233"}],"curies":[{"name":"wp","href":"https:\/\/api.w.org\/{rel}","templated":true}]}}