{"id":1231,"date":"2018-10-09T09:17:03","date_gmt":"2018-10-09T09:17:03","guid":{"rendered":"https:\/\/cierresgalicia.com\/limpeza-e-desbroce\/"},"modified":"2025-09-30T08:33:29","modified_gmt":"2025-09-30T08:33:29","slug":"limpeza-e-desbroce","status":"publish","type":"page","link":"https:\/\/cierresgalicia.com\/gl\/limpeza-e-desbroce\/","title":{"rendered":"Limpeza e Desbroce"},"content":{"rendered":"\t\t<div data-elementor-type=\"wp-post\" data-elementor-id=\"1231\" class=\"elementor elementor-1231 elementor-661\">\n\t\t\t\t<div class=\"elementor-element elementor-element-fbf7f1c e-flex e-con-boxed e-con e-parent\" data-id=\"fbf7f1c\" data-element_type=\"container\" data-settings=\"{&quot;background_background&quot;:&quot;classic&quot;}\">\n\t\t\t\t\t<div class=\"e-con-inner\">\n\t\t<div class=\"elementor-element elementor-element-cb4ac2f e-con-full e-flex e-con e-child\" data-id=\"cb4ac2f\" data-element_type=\"container\">\n\t\t\t\t<div class=\"elementor-element elementor-element-8b9ff17 elementor-widget elementor-widget-heading\" data-id=\"8b9ff17\" data-element_type=\"widget\" data-widget_type=\"heading.default\">\n\t\t\t\t<div class=\"elementor-widget-container\">\n\t\t\t\t\t<h2 class=\"elementor-heading-title elementor-size-default\">Limpeza e desbroce de fincas en Lugo<\/h2>\t\t\t\t<\/div>\n\t\t\t\t<\/div>\n\t\t\t\t<div class=\"elementor-element elementor-element-1a9548b elementor-widget elementor-widget-heading\" data-id=\"1a9548b\" data-element_type=\"widget\" data-widget_type=\"heading.default\">\n\t\t\t\t<div class=\"elementor-widget-container\">\n\t\t\t\t\t<h1 class=\"elementor-heading-title elementor-size-default\">Prepara o teu terreo para instalar unha cerca ou mantelo en perfectas condici\u00f3ns<\/h1>\t\t\t\t<\/div>\n\t\t\t\t<\/div>\n\t\t\t\t<\/div>\n\t\t\t\t\t<\/div>\n\t\t\t\t<\/div>\n\t\t<div class=\"elementor-element elementor-element-fdad8be e-flex e-con-boxed e-con e-parent\" data-id=\"fdad8be\" data-element_type=\"container\" data-settings=\"{&quot;background_background&quot;:&quot;classic&quot;}\">\n\t\t\t\t\t<div class=\"e-con-inner\">\n\t\t<div class=\"elementor-element elementor-element-f5caa53 e-con-full e-flex e-con e-child\" data-id=\"f5caa53\" data-element_type=\"container\">\n\t\t<div class=\"elementor-element elementor-element-d03c8db e-con-full e-flex e-con e-child\" data-id=\"d03c8db\" data-element_type=\"container\">\n\t\t<div class=\"elementor-element elementor-element-8544fd4 e-con-full e-flex e-con e-child\" data-id=\"8544fd4\" data-element_type=\"container\">\n\t\t\t\t<div class=\"elementor-element elementor-element-1312be8 elementor-widget elementor-widget-heading\" data-id=\"1312be8\" data-element_type=\"widget\" data-widget_type=\"heading.default\">\n\t\t\t\t<div class=\"elementor-widget-container\">\n\t\t\t\t\t<h5 class=\"elementor-heading-title elementor-size-default\">01.<\/h5>\t\t\t\t<\/div>\n\t\t\t\t<\/div>\n\t\t\t\t<div class=\"elementor-element elementor-element-b488c44 elementor-widget elementor-widget-heading\" data-id=\"b488c44\" data-element_type=\"widget\" data-widget_type=\"heading.default\">\n\t\t\t\t<div class=\"elementor-widget-container\">\n\t\t\t\t\t<h2 class=\"elementor-heading-title elementor-size-default\">Limpando  <\/h2>\t\t\t\t<\/div>\n\t\t\t\t<\/div>\n\t\t\t\t<\/div>\n\t\t<div class=\"elementor-element elementor-element-7f6b13b e-con-full e-flex e-con e-child\" data-id=\"7f6b13b\" data-element_type=\"container\">\n\t\t\t\t<div class=\"elementor-element elementor-element-a9efe0c elementor-widget-divider--view-line elementor-widget elementor-widget-divider\" data-id=\"a9efe0c\" data-element_type=\"widget\" data-widget_type=\"divider.default\">\n\t\t\t\t<div class=\"elementor-widget-container\">\n\t\t\t\t\t\t\t<div class=\"elementor-divider\">\n\t\t\t<span class=\"elementor-divider-separator\">\n\t\t\t\t\t\t<\/span>\n\t\t<\/div>\n\t\t\t\t\t\t<\/div>\n\t\t\t\t<\/div>\n\t\t\t\t<div class=\"elementor-element elementor-element-4efb4b3 elementor-widget elementor-widget-text-editor\" data-id=\"4efb4b3\" data-element_type=\"widget\" data-widget_type=\"text-editor.default\">\n\t\t\t\t<div class=\"elementor-widget-container\">\n\t\t\t\t\t\t\t\t\t<p data-start=\"240\" data-end=\"470\">Co noso servizo detallado de limpeza, eliminamos de forma eficiente os xestas, arbustos e \u00e1rbores non desexados. Este proceso, esencial para mellorar a visibilidade e a seguridade das s\u00faas propiedades, garante un ambiente limpo e seguro.<\/p><p data-start=\"472\" data-end=\"640\">En Cierres Galicia destacamos por realizar desbroces personalizados, adaptados \u00e1s caracter\u00edsticas de cada terreo, ofrecendo este servizo en toda Galicia.<\/p>\t\t\t\t\t\t\t\t<\/div>\n\t\t\t\t<\/div>\n\t\t\t\t<\/div>\n\t\t<div class=\"elementor-element elementor-element-3d862bb e-con-full e-flex e-con e-child\" data-id=\"3d862bb\" data-element_type=\"container\">\n\t\t\t\t<div class=\"elementor-element elementor-element-aa5ff1b elementor-widget elementor-widget-image\" data-id=\"aa5ff1b\" data-element_type=\"widget\" data-widget_type=\"image.default\">\n\t\t\t\t<div class=\"elementor-widget-container\">\n\t\t\t\t\t\t\t\t\t\t\t\t\t\t\t<img decoding=\"async\" src=\"https:\/\/cierresgalicia.com\/wp-content\/uploads\/elementor\/thumbs\/Diseno-sin-titulo14-qiu9q1r5m79ywqw9mrc1g9ii1w1xd36eg07orscxo0.jpg\" title=\"Dise\u00f1o sin t\u00edtulo(14)\" alt=\"Dise\u00f1o sin t\u00edtulo(14)\" loading=\"lazy\" \/>\t\t\t\t\t\t\t\t\t\t\t\t\t\t\t<\/div>\n\t\t\t\t<\/div>\n\t\t\t\t<\/div>\n\t\t\t\t<\/div>\n\t\t<div class=\"elementor-element elementor-element-e4b644e e-con-full e-flex e-con e-child\" data-id=\"e4b644e\" data-element_type=\"container\">\n\t\t<div class=\"elementor-element elementor-element-f32ea17 e-con-full e-flex e-con e-child\" data-id=\"f32ea17\" data-element_type=\"container\">\n\t\t\t\t<div class=\"elementor-element elementor-element-a9f4c77 elementor-widget elementor-widget-heading\" data-id=\"a9f4c77\" data-element_type=\"widget\" data-widget_type=\"heading.default\">\n\t\t\t\t<div class=\"elementor-widget-container\">\n\t\t\t\t\t<h5 class=\"elementor-heading-title elementor-size-default\">02.<\/h5>\t\t\t\t<\/div>\n\t\t\t\t<\/div>\n\t\t\t\t<div class=\"elementor-element elementor-element-b52699d elementor-widget elementor-widget-heading\" data-id=\"b52699d\" data-element_type=\"widget\" data-widget_type=\"heading.default\">\n\t\t\t\t<div class=\"elementor-widget-container\">\n\t\t\t\t\t<h2 class=\"elementor-heading-title elementor-size-default\">Limpeza Ecol\u00f3xica<\/h2>\t\t\t\t<\/div>\n\t\t\t\t<\/div>\n\t\t\t\t<\/div>\n\t\t<div class=\"elementor-element elementor-element-dde8818 e-con-full e-flex e-con e-child\" data-id=\"dde8818\" data-element_type=\"container\">\n\t\t\t\t<div class=\"elementor-element elementor-element-377c3cb elementor-widget-divider--view-line elementor-widget elementor-widget-divider\" data-id=\"377c3cb\" data-element_type=\"widget\" data-widget_type=\"divider.default\">\n\t\t\t\t<div class=\"elementor-widget-container\">\n\t\t\t\t\t\t\t<div class=\"elementor-divider\">\n\t\t\t<span class=\"elementor-divider-separator\">\n\t\t\t\t\t\t<\/span>\n\t\t<\/div>\n\t\t\t\t\t\t<\/div>\n\t\t\t\t<\/div>\n\t\t\t\t<div class=\"elementor-element elementor-element-a2b9109 elementor-widget elementor-widget-text-editor\" data-id=\"a2b9109\" data-element_type=\"widget\" data-widget_type=\"text-editor.default\">\n\t\t\t\t<div class=\"elementor-widget-container\">\n\t\t\t\t\t\t\t\t\t<p>Comprometidos coa sustentabilidade, realizamos limpezas ecol\u00f3xicas respectando a biodiversidade local.<\/p><p>Retiramos os residuos de forma responsable, preservando a flora e a fauna durante o proceso de limpeza da explotaci\u00f3n.<\/p><p>As nosas pr\u00e1cticas respectuosas co medio ambiente non s\u00f3 limpan, sen\u00f3n que tam\u00e9n destacan o noso compromiso coa preservaci\u00f3n do medio ambiente natural de Galicia.<\/p>\t\t\t\t\t\t\t\t<\/div>\n\t\t\t\t<\/div>\n\t\t\t\t<\/div>\n\t\t<div class=\"elementor-element elementor-element-663ff5e e-con-full e-flex e-con e-child\" data-id=\"663ff5e\" data-element_type=\"container\">\n\t\t\t\t<div class=\"elementor-element elementor-element-5404792 elementor-widget elementor-widget-image\" data-id=\"5404792\" data-element_type=\"widget\" data-widget_type=\"image.default\">\n\t\t\t\t<div class=\"elementor-widget-container\">\n\t\t\t\t\t\t\t\t\t\t\t\t\t\t\t<img decoding=\"async\" src=\"https:\/\/cierresgalicia.com\/wp-content\/uploads\/elementor\/thumbs\/Diseno-sin-titulo15-qiu9qio917x4pq7ovynbp58sqtqj7n1kibyfernuk0.jpg\" title=\"Dise\u00f1o sin t\u00edtulo(15)\" alt=\"Dise\u00f1o sin t\u00edtulo(15)\" loading=\"lazy\" \/>\t\t\t\t\t\t\t\t\t\t\t\t\t\t\t<\/div>\n\t\t\t\t<\/div>\n\t\t\t\t<\/div>\n\t\t\t\t<\/div>\n\t\t<div class=\"elementor-element elementor-element-070a446 e-con-full e-flex e-con e-child\" data-id=\"070a446\" data-element_type=\"container\">\n\t\t<div class=\"elementor-element elementor-element-12b5808 e-con-full e-flex e-con e-child\" data-id=\"12b5808\" data-element_type=\"container\">\n\t\t\t\t<div class=\"elementor-element elementor-element-ba39375 elementor-widget elementor-widget-heading\" data-id=\"ba39375\" data-element_type=\"widget\" data-widget_type=\"heading.default\">\n\t\t\t\t<div class=\"elementor-widget-container\">\n\t\t\t\t\t<h5 class=\"elementor-heading-title elementor-size-default\">03.<\/h5>\t\t\t\t<\/div>\n\t\t\t\t<\/div>\n\t\t\t\t<div class=\"elementor-element elementor-element-0652455 elementor-widget elementor-widget-heading\" data-id=\"0652455\" data-element_type=\"widget\" data-widget_type=\"heading.default\">\n\t\t\t\t<div class=\"elementor-widget-container\">\n\t\t\t\t\t<h2 class=\"elementor-heading-title elementor-size-default\">Rehabilitaci\u00f3n do solo<\/h2>\t\t\t\t<\/div>\n\t\t\t\t<\/div>\n\t\t\t\t<\/div>\n\t\t<div class=\"elementor-element elementor-element-e69af6b e-con-full e-flex e-con e-child\" data-id=\"e69af6b\" data-element_type=\"container\">\n\t\t\t\t<div class=\"elementor-element elementor-element-d75d0c6 elementor-widget-divider--view-line elementor-widget elementor-widget-divider\" data-id=\"d75d0c6\" data-element_type=\"widget\" data-widget_type=\"divider.default\">\n\t\t\t\t<div class=\"elementor-widget-container\">\n\t\t\t\t\t\t\t<div class=\"elementor-divider\">\n\t\t\t<span class=\"elementor-divider-separator\">\n\t\t\t\t\t\t<\/span>\n\t\t<\/div>\n\t\t\t\t\t\t<\/div>\n\t\t\t\t<\/div>\n\t\t\t\t<div class=\"elementor-element elementor-element-c07e55e elementor-widget elementor-widget-text-editor\" data-id=\"c07e55e\" data-element_type=\"widget\" data-widget_type=\"text-editor.default\">\n\t\t\t\t<div class=\"elementor-widget-container\">\n\t\t\t\t\t\t\t\t\t<p>Dende a recuperaci\u00f3n de terreos degradados ata a restauraci\u00f3n de espazos naturais, ofrecemos servizos especializados para dinamizar zonas afectadas.<\/p><p>Traballamos en colaboraci\u00f3n coa natureza para devolverlle a vitalidade \u00e1s t\u00faas terras, utilizando t\u00e9cnicas de rehabilitaci\u00f3n de terras probadas.<\/p><p>Esta estratexia garante soluci\u00f3ns eficaces e sostibles, destacando a nosa experiencia na rehabilitaci\u00f3n de solos en Galicia.<\/p>\t\t\t\t\t\t\t\t<\/div>\n\t\t\t\t<\/div>\n\t\t\t\t<\/div>\n\t\t<div class=\"elementor-element elementor-element-f8baabd e-con-full e-flex e-con e-child\" data-id=\"f8baabd\" data-element_type=\"container\">\n\t\t\t\t<div class=\"elementor-element elementor-element-b878e10 elementor-widget elementor-widget-image\" data-id=\"b878e10\" data-element_type=\"widget\" data-widget_type=\"image.default\">\n\t\t\t\t<div class=\"elementor-widget-container\">\n\t\t\t\t\t\t\t\t\t\t\t\t\t\t\t<img decoding=\"async\" src=\"https:\/\/cierresgalicia.com\/wp-content\/uploads\/elementor\/thumbs\/Diseno-sin-titulo13-qiu9q3mtzvcjjytjbs5al91f8nsnshdv49inqca5bk.jpg\" title=\"Dise\u00f1o sin t\u00edtulo(13)\" alt=\"Dise\u00f1o sin t\u00edtulo(13)\" loading=\"lazy\" \/>\t\t\t\t\t\t\t\t\t\t\t\t\t\t\t<\/div>\n\t\t\t\t<\/div>\n\t\t\t\t<\/div>\n\t\t\t\t<\/div>\n\t\t\t\t<\/div>\n\t\t\t\t\t<\/div>\n\t\t\t\t<\/div>\n\t\t\t\t<\/div>\n\t\t","protected":false},"excerpt":{"rendered":"<p>Limpeza e desbroce de fincas en Lugo Prepara o teu terreo para instalar unha cerca ou mantelo en perfectas condici\u00f3ns 01. Limpando Co noso servizo detallado de limpeza, eliminamos de forma eficiente os xestas, arbustos e \u00e1rbores non desexados. Este proceso, esencial para mellorar a visibilidade e a seguridade das s\u00faas propiedades, garante un ambiente [&hellip;]<\/p>\n","protected":false},"author":1,"featured_media":0,"parent":0,"menu_order":0,"comment_status":"closed","ping_status":"closed","template":"","meta":{"site-sidebar-layout":"no-sidebar","site-content-layout":"page-builder","ast-site-content-layout":"","site-content-style":"default","site-sidebar-style":"default","ast-global-header-display":"","ast-banner-title-visibility":"","ast-main-header-display":"","ast-hfb-above-header-display":"","ast-hfb-below-header-display":"","ast-hfb-mobile-header-display":"","site-post-title":"disabled","ast-breadcrumbs-content":"","ast-featured-img":"disabled","footer-sml-layout":"","theme-transparent-header-meta":"enabled","adv-header-id-meta":"","stick-header-meta":"","header-above-stick-meta":"","header-main-stick-meta":"","header-below-stick-meta":"","astra-migrate-meta-layouts":"default","ast-page-background-enabled":"default","ast-page-background-meta":{"desktop":{"background-color":"","background-image":"","background-repeat":"repeat","background-position":"center center","background-size":"auto","background-attachment":"scroll","background-type":"","background-media":"","overlay-type":"","overlay-color":"","overlay-gradient":""},"tablet":{"background-color":"","background-image":"","background-repeat":"repeat","background-position":"center center","background-size":"auto","background-attachment":"scroll","background-type":"","background-media":"","overlay-type":"","overlay-color":"","overlay-gradient":""},"mobile":{"background-color":"","background-image":"","background-repeat":"repeat","background-position":"center center","background-size":"auto","background-attachment":"scroll","background-type":"","background-media":"","overlay-type":"","overlay-color":"","overlay-gradient":""}},"ast-content-background-meta":{"desktop":{"background-color":"var(--ast-global-color-5)","background-image":"","background-repeat":"repeat","background-position":"center center","background-size":"auto","background-attachment":"scroll","background-type":"","background-media":"","overlay-type":"","overlay-color":"","overlay-gradient":""},"tablet":{"background-color":"var(--ast-global-color-5)","background-image":"","background-repeat":"repeat","background-position":"center center","background-size":"auto","background-attachment":"scroll","background-type":"","background-media":"","overlay-type":"","overlay-color":"","overlay-gradient":""},"mobile":{"background-color":"var(--ast-global-color-5)","background-image":"","background-repeat":"repeat","background-position":"center center","background-size":"auto","background-attachment":"scroll","background-type":"","background-media":"","overlay-type":"","overlay-color":"","overlay-gradient":""}},"footnotes":""},"class_list":["post-1231","page","type-page","status-publish","hentry"],"yoast_head":"<!-- This site is optimized with the Yoast SEO plugin v25.8 - https:\/\/yoast.com\/wordpress\/plugins\/seo\/ -->\n<title>Limpeza e Desbroce - Cierres Galicia<\/title>\n<meta name=\"robots\" content=\"index, follow, max-snippet:-1, max-image-preview:large, max-video-preview:-1\" \/>\n<link rel=\"canonical\" href=\"https:\/\/cierresgalicia.com\/gl\/limpeza-e-desbroce\/\" \/>\n<meta property=\"og:locale\" content=\"gl_ES\" \/>\n<meta property=\"og:type\" content=\"article\" \/>\n<meta property=\"og:title\" content=\"Limpeza e Desbroce - Cierres Galicia\" \/>\n<meta property=\"og:description\" content=\"Limpeza e desbroce de fincas en Lugo Prepara o teu terreo para instalar unha cerca ou mantelo en perfectas condici\u00f3ns 01. Limpando Co noso servizo detallado de limpeza, eliminamos de forma eficiente os xestas, arbustos e \u00e1rbores non desexados. Este proceso, esencial para mellorar a visibilidade e a seguridade das s\u00faas propiedades, garante un ambiente [&hellip;]\" \/>\n<meta property=\"og:url\" content=\"https:\/\/cierresgalicia.com\/gl\/limpeza-e-desbroce\/\" \/>\n<meta property=\"og:site_name\" content=\"Cierres Galicia\" \/>\n<meta property=\"article:publisher\" content=\"https:\/\/www.facebook.com\/rolando.vilacapon\" \/>\n<meta property=\"article:modified_time\" content=\"2025-09-30T08:33:29+00:00\" \/>\n<meta property=\"og:image\" content=\"https:\/\/cierresgalicia.com\/wp-content\/uploads\/elementor\/thumbs\/Diseno-sin-titulo14-qiu9q1r5m79ywqw9mrc1g9ii1w1xd36eg07orscxo0.jpg\" \/>\n<meta name=\"twitter:card\" content=\"summary_large_image\" \/>\n<meta name=\"twitter:label1\" content=\"Tempo de lectura\" \/>\n\t<meta name=\"twitter:data1\" content=\"1 minuto\" \/>\n<script type=\"application\/ld+json\" class=\"yoast-schema-graph\">{\"@context\":\"https:\/\/schema.org\",\"@graph\":[{\"@type\":\"WebPage\",\"@id\":\"https:\/\/cierresgalicia.com\/gl\/limpeza-e-desbroce\/\",\"url\":\"https:\/\/cierresgalicia.com\/gl\/limpeza-e-desbroce\/\",\"name\":\"Limpeza e Desbroce - Cierres Galicia\",\"isPartOf\":{\"@id\":\"https:\/\/cierresgalicia.com\/gl\/#website\"},\"primaryImageOfPage\":{\"@id\":\"https:\/\/cierresgalicia.com\/gl\/limpeza-e-desbroce\/#primaryimage\"},\"image\":{\"@id\":\"https:\/\/cierresgalicia.com\/gl\/limpeza-e-desbroce\/#primaryimage\"},\"thumbnailUrl\":\"https:\/\/cierresgalicia.com\/wp-content\/uploads\/elementor\/thumbs\/Diseno-sin-titulo14-qiu9q1r5m79ywqw9mrc1g9ii1w1xd36eg07orscxo0.jpg\",\"datePublished\":\"2018-10-09T09:17:03+00:00\",\"dateModified\":\"2025-09-30T08:33:29+00:00\",\"breadcrumb\":{\"@id\":\"https:\/\/cierresgalicia.com\/gl\/limpeza-e-desbroce\/#breadcrumb\"},\"inLanguage\":\"gl-ES\",\"potentialAction\":[{\"@type\":\"ReadAction\",\"target\":[\"https:\/\/cierresgalicia.com\/gl\/limpeza-e-desbroce\/\"]}]},{\"@type\":\"ImageObject\",\"inLanguage\":\"gl-ES\",\"@id\":\"https:\/\/cierresgalicia.com\/gl\/limpeza-e-desbroce\/#primaryimage\",\"url\":\"https:\/\/cierresgalicia.com\/wp-content\/uploads\/elementor\/thumbs\/Diseno-sin-titulo14-qiu9q1r5m79ywqw9mrc1g9ii1w1xd36eg07orscxo0.jpg\",\"contentUrl\":\"https:\/\/cierresgalicia.com\/wp-content\/uploads\/elementor\/thumbs\/Diseno-sin-titulo14-qiu9q1r5m79ywqw9mrc1g9ii1w1xd36eg07orscxo0.jpg\"},{\"@type\":\"BreadcrumbList\",\"@id\":\"https:\/\/cierresgalicia.com\/gl\/limpeza-e-desbroce\/#breadcrumb\",\"itemListElement\":[{\"@type\":\"ListItem\",\"position\":1,\"name\":\"Portada\",\"item\":\"https:\/\/cierresgalicia.com\/gl\/comeza\/\"},{\"@type\":\"ListItem\",\"position\":2,\"name\":\"Limpeza e Desbroce\"}]},{\"@type\":\"WebSite\",\"@id\":\"https:\/\/cierresgalicia.com\/gl\/#website\",\"url\":\"https:\/\/cierresgalicia.com\/gl\/\",\"name\":\"Cierres Galicia\",\"description\":\"\",\"publisher\":{\"@id\":\"https:\/\/cierresgalicia.com\/gl\/#organization\"},\"potentialAction\":[{\"@type\":\"SearchAction\",\"target\":{\"@type\":\"EntryPoint\",\"urlTemplate\":\"https:\/\/cierresgalicia.com\/gl\/?s={search_term_string}\"},\"query-input\":{\"@type\":\"PropertyValueSpecification\",\"valueRequired\":true,\"valueName\":\"search_term_string\"}}],\"inLanguage\":\"gl-ES\"},{\"@type\":\"Organization\",\"@id\":\"https:\/\/cierresgalicia.com\/gl\/#organization\",\"name\":\"Cierres Galicia\",\"url\":\"https:\/\/cierresgalicia.com\/gl\/\",\"logo\":{\"@type\":\"ImageObject\",\"inLanguage\":\"gl-ES\",\"@id\":\"https:\/\/cierresgalicia.com\/gl\/#\/schema\/logo\/image\/\",\"url\":\"https:\/\/cierresgalicia.com\/wp-content\/uploads\/2025\/09\/cropped-VILA-6-e1759225939477.jpg\",\"contentUrl\":\"https:\/\/cierresgalicia.com\/wp-content\/uploads\/2025\/09\/cropped-VILA-6-e1759225939477.jpg\",\"width\":512,\"height\":367,\"caption\":\"Cierres Galicia\"},\"image\":{\"@id\":\"https:\/\/cierresgalicia.com\/gl\/#\/schema\/logo\/image\/\"},\"sameAs\":[\"https:\/\/www.facebook.com\/rolando.vilacapon\"]}]}<\/script>\n<!-- \/ Yoast SEO plugin. -->","yoast_head_json":{"title":"Limpeza e Desbroce - Cierres Galicia","robots":{"index":"index","follow":"follow","max-snippet":"max-snippet:-1","max-image-preview":"max-image-preview:large","max-video-preview":"max-video-preview:-1"},"canonical":"https:\/\/cierresgalicia.com\/gl\/limpeza-e-desbroce\/","og_locale":"gl_ES","og_type":"article","og_title":"Limpeza e Desbroce - Cierres Galicia","og_description":"Limpeza e desbroce de fincas en Lugo Prepara o teu terreo para instalar unha cerca ou mantelo en perfectas condici\u00f3ns 01. Limpando Co noso servizo detallado de limpeza, eliminamos de forma eficiente os xestas, arbustos e \u00e1rbores non desexados. Este proceso, esencial para mellorar a visibilidade e a seguridade das s\u00faas propiedades, garante un ambiente [&hellip;]","og_url":"https:\/\/cierresgalicia.com\/gl\/limpeza-e-desbroce\/","og_site_name":"Cierres Galicia","article_publisher":"https:\/\/www.facebook.com\/rolando.vilacapon","article_modified_time":"2025-09-30T08:33:29+00:00","og_image":[{"url":"https:\/\/cierresgalicia.com\/wp-content\/uploads\/elementor\/thumbs\/Diseno-sin-titulo14-qiu9q1r5m79ywqw9mrc1g9ii1w1xd36eg07orscxo0.jpg","type":"","width":"","height":""}],"twitter_card":"summary_large_image","twitter_misc":{"Tempo de lectura":"1 minuto"},"schema":{"@context":"https:\/\/schema.org","@graph":[{"@type":"WebPage","@id":"https:\/\/cierresgalicia.com\/gl\/limpeza-e-desbroce\/","url":"https:\/\/cierresgalicia.com\/gl\/limpeza-e-desbroce\/","name":"Limpeza e Desbroce - Cierres Galicia","isPartOf":{"@id":"https:\/\/cierresgalicia.com\/gl\/#website"},"primaryImageOfPage":{"@id":"https:\/\/cierresgalicia.com\/gl\/limpeza-e-desbroce\/#primaryimage"},"image":{"@id":"https:\/\/cierresgalicia.com\/gl\/limpeza-e-desbroce\/#primaryimage"},"thumbnailUrl":"https:\/\/cierresgalicia.com\/wp-content\/uploads\/elementor\/thumbs\/Diseno-sin-titulo14-qiu9q1r5m79ywqw9mrc1g9ii1w1xd36eg07orscxo0.jpg","datePublished":"2018-10-09T09:17:03+00:00","dateModified":"2025-09-30T08:33:29+00:00","breadcrumb":{"@id":"https:\/\/cierresgalicia.com\/gl\/limpeza-e-desbroce\/#breadcrumb"},"inLanguage":"gl-ES","potentialAction":[{"@type":"ReadAction","target":["https:\/\/cierresgalicia.com\/gl\/limpeza-e-desbroce\/"]}]},{"@type":"ImageObject","inLanguage":"gl-ES","@id":"https:\/\/cierresgalicia.com\/gl\/limpeza-e-desbroce\/#primaryimage","url":"https:\/\/cierresgalicia.com\/wp-content\/uploads\/elementor\/thumbs\/Diseno-sin-titulo14-qiu9q1r5m79ywqw9mrc1g9ii1w1xd36eg07orscxo0.jpg","contentUrl":"https:\/\/cierresgalicia.com\/wp-content\/uploads\/elementor\/thumbs\/Diseno-sin-titulo14-qiu9q1r5m79ywqw9mrc1g9ii1w1xd36eg07orscxo0.jpg"},{"@type":"BreadcrumbList","@id":"https:\/\/cierresgalicia.com\/gl\/limpeza-e-desbroce\/#breadcrumb","itemListElement":[{"@type":"ListItem","position":1,"name":"Portada","item":"https:\/\/cierresgalicia.com\/gl\/comeza\/"},{"@type":"ListItem","position":2,"name":"Limpeza e Desbroce"}]},{"@type":"WebSite","@id":"https:\/\/cierresgalicia.com\/gl\/#website","url":"https:\/\/cierresgalicia.com\/gl\/","name":"Cierres Galicia","description":"","publisher":{"@id":"https:\/\/cierresgalicia.com\/gl\/#organization"},"potentialAction":[{"@type":"SearchAction","target":{"@type":"EntryPoint","urlTemplate":"https:\/\/cierresgalicia.com\/gl\/?s={search_term_string}"},"query-input":{"@type":"PropertyValueSpecification","valueRequired":true,"valueName":"search_term_string"}}],"inLanguage":"gl-ES"},{"@type":"Organization","@id":"https:\/\/cierresgalicia.com\/gl\/#organization","name":"Cierres Galicia","url":"https:\/\/cierresgalicia.com\/gl\/","logo":{"@type":"ImageObject","inLanguage":"gl-ES","@id":"https:\/\/cierresgalicia.com\/gl\/#\/schema\/logo\/image\/","url":"https:\/\/cierresgalicia.com\/wp-content\/uploads\/2025\/09\/cropped-VILA-6-e1759225939477.jpg","contentUrl":"https:\/\/cierresgalicia.com\/wp-content\/uploads\/2025\/09\/cropped-VILA-6-e1759225939477.jpg","width":512,"height":367,"caption":"Cierres Galicia"},"image":{"@id":"https:\/\/cierresgalicia.com\/gl\/#\/schema\/logo\/image\/"},"sameAs":["https:\/\/www.facebook.com\/rolando.vilacapon"]}]}},"_links":{"self":[{"href":"https:\/\/cierresgalicia.com\/gl\/wp-json\/wp\/v2\/pages\/1231","targetHints":{"allow":["GET"]}}],"collection":[{"href":"https:\/\/cierresgalicia.com\/gl\/wp-json\/wp\/v2\/pages"}],"about":[{"href":"https:\/\/cierresgalicia.com\/gl\/wp-json\/wp\/v2\/types\/page"}],"author":[{"embeddable":true,"href":"https:\/\/cierresgalicia.com\/gl\/wp-json\/wp\/v2\/users\/1"}],"replies":[{"embeddable":true,"href":"https:\/\/cierresgalicia.com\/gl\/wp-json\/wp\/v2\/comments?post=1231"}],"version-history":[{"count":7,"href":"https:\/\/cierresgalicia.com\/gl\/wp-json\/wp\/v2\/pages\/1231\/revisions"}],"predecessor-version":[{"id":1467,"href":"https:\/\/cierresgalicia.com\/gl\/wp-json\/wp\/v2\/pages\/1231\/revisions\/1467"}],"wp:attachment":[{"href":"https:\/\/cierresgalicia.com\/gl\/wp-json\/wp\/v2\/media?parent=1231"}],"curies":[{"name":"wp","href":"https:\/\/api.w.org\/{rel}","templated":true}]}}